{"id":5815,"date":"2026-03-31T13:31:09","date_gmt":"2026-03-31T17:31:09","guid":{"rendered":"https:\/\/boulangerieepifanny.com\/?post_type=product&#038;p=5815"},"modified":"2026-04-03T11:19:05","modified_gmt":"2026-04-03T15:19:05","slug":"couronne-de-paques","status":"publish","type":"product","link":"https:\/\/boulangerieepifanny.com\/en\/product\/couronne-de-paques\/","title":{"rendered":"Couronne de p\u00e2ques"},"content":{"rendered":"<p>Unbleached wheat flour, butter, eggs, sugar, chocolate, yeast, salt.<br \/>\n<span class=\"html-span xdj266r x14z9mp xat24cr x1lziwak xexx8yu xyri2b x18d9i69 x1c1uobl x1hl2dhg x16tdsg8 x1vvkbs x4k7w5x x1h91t0o x1h9r5lt x1jfb8zj xv2umb2 x1beo9mf xaigb6o x12ejxvf x3igimt xarpa2k xedcshv x1lytzrv x1t2pt76 x7ja8zs x1qrby5j\"><span class=\"x193iq5w xeuugli x13faqbe x1vvkbs xlh3980 xvmahel x1n0sxbx x1lliihq x1s928wv xhkezso x1gmr53x x1cpjm7i x1fgarty x1943h6x xudqn12 x3x7a5m x6prxxf xvq8zen xo1l8bm xzsf02u\" dir=\"auto\">P\u00e2te feuillet\u00e9 Brownie chocolat noir Deux saveurs: Pralin\u00e9 noisettes Pralin\u00e9 grain ou Caramel beurre sal\u00e9.<br \/>\n<span style=\"color: #ff0000;\">**Disponible \u00e0 partir du vendredi 3 avril**<\/span><\/span><\/span><\/p>","protected":false},"excerpt":{"rendered":"<p>Unbleached wheat flour, butter, eggs, sugar, chocolate, yeast, salt.<br \/>\n<span class=\"html-span xdj266r x14z9mp xat24cr x1lziwak xexx8yu xyri2b x18d9i69 x1c1uobl x1hl2dhg x16tdsg8 x1vvkbs x4k7w5x x1h91t0o x1h9r5lt x1jfb8zj xv2umb2 x1beo9mf xaigb6o x12ejxvf x3igimt xarpa2k xedcshv x1lytzrv x1t2pt76 x7ja8zs x1qrby5j\"><span class=\"x193iq5w xeuugli x13faqbe x1vvkbs xlh3980 xvmahel x1n0sxbx x1lliihq x1s928wv xhkezso x1gmr53x x1cpjm7i x1fgarty x1943h6x xudqn12 x3x7a5m x6prxxf xvq8zen xo1l8bm xzsf02u\" dir=\"auto\">P\u00e2te feuillet\u00e9 Brownie chocolat noir Deux saveurs: Pralin\u00e9 noisettes Pralin\u00e9 grain ou Caramel beurre sal\u00e9.<br \/>\n<span style=\"color: #ff0000;\">**Disponible \u00e0 partir du vendredi 3 avril**<\/span><\/span><\/span><\/p>","protected":false},"featured_media":5816,"template":"","meta":{"inline_featured_image":false},"product_brand":[],"product_cat":[28],"product_tag":[17,19,21],"class_list":{"0":"post-5815","1":"product","2":"type-product","3":"status-publish","4":"has-post-thumbnail","6":"product_cat-produits-saisonniers","7":"product_tag-gluten","8":"product_tag-lait","9":"product_tag-oeufs","11":"first","12":"instock","13":"purchasable","14":"product-type-simple"},"yoast_head":"<!-- This site is optimized with the Yoast SEO plugin v27.3 - https:\/\/yoast.com\/product\/yoast-seo-wordpress\/ -->\n<title>Couronne de p\u00e2ques - Boulangerie Epi&#039;fanny<\/title>\n<meta name=\"robots\" content=\"index, follow, max-snippet:-1, max-image-preview:large, max-video-preview:-1\" \/>\n<link rel=\"canonical\" href=\"https:\/\/boulangerieepifanny.com\/en\/product\/couronne-de-paques\/\" \/>\n<meta property=\"og:locale\" content=\"en_US\" \/>\n<meta property=\"og:type\" content=\"article\" \/>\n<meta property=\"og:title\" content=\"Couronne de p\u00e2ques - Boulangerie Epi&#039;fanny\" \/>\n<meta property=\"og:description\" content=\"Farine de bl\u00e9 non blanchie, beurre, \u0153ufs, sucre, chocolat, levure, sel. P\u00e2te feuillet\u00e9 Brownie chocolat noir Deux saveurs: Pralin\u00e9 noisettes Pralin\u00e9 grain ou Caramel beurre sal\u00e9. **Disponible \u00e0 partir du vendredi 3 avril**\" \/>\n<meta property=\"og:url\" content=\"https:\/\/boulangerieepifanny.com\/en\/product\/couronne-de-paques\/\" \/>\n<meta property=\"og:site_name\" content=\"Boulangerie Epi&#039;fanny\" \/>\n<meta property=\"article:modified_time\" content=\"2026-04-03T15:19:05+00:00\" \/>\n<meta property=\"og:image\" content=\"https:\/\/boulangerieepifanny.com\/wp-content\/uploads\/2026\/03\/couronne_de_paques_boulangerie_epifanny.jpg\" \/>\n\t<meta property=\"og:image:width\" content=\"800\" \/>\n\t<meta property=\"og:image:height\" content=\"800\" \/>\n\t<meta property=\"og:image:type\" content=\"image\/jpeg\" \/>\n<meta name=\"twitter:card\" content=\"summary_large_image\" \/>\n<meta name=\"twitter:label1\" content=\"Est. reading time\" \/>\n\t<meta name=\"twitter:data1\" content=\"1 minute\" \/>\n<script type=\"application\/ld+json\" class=\"yoast-schema-graph\">{\"@context\":\"https:\\\/\\\/schema.org\",\"@graph\":[{\"@type\":\"WebPage\",\"@id\":\"https:\\\/\\\/boulangerieepifanny.com\\\/produit\\\/couronne-de-paques\\\/\",\"url\":\"https:\\\/\\\/boulangerieepifanny.com\\\/produit\\\/couronne-de-paques\\\/\",\"name\":\"Couronne de p\u00e2ques - Boulangerie Epi&#039;fanny\",\"isPartOf\":{\"@id\":\"https:\\\/\\\/boulangerieepifanny.com\\\/#website\"},\"primaryImageOfPage\":{\"@id\":\"https:\\\/\\\/boulangerieepifanny.com\\\/produit\\\/couronne-de-paques\\\/#primaryimage\"},\"image\":{\"@id\":\"https:\\\/\\\/boulangerieepifanny.com\\\/produit\\\/couronne-de-paques\\\/#primaryimage\"},\"thumbnailUrl\":\"https:\\\/\\\/boulangerieepifanny.com\\\/wp-content\\\/uploads\\\/2026\\\/03\\\/couronne_de_paques_boulangerie_epifanny.jpg\",\"datePublished\":\"2026-03-31T17:31:09+00:00\",\"dateModified\":\"2026-04-03T15:19:05+00:00\",\"breadcrumb\":{\"@id\":\"https:\\\/\\\/boulangerieepifanny.com\\\/produit\\\/couronne-de-paques\\\/#breadcrumb\"},\"inLanguage\":\"en-CA\",\"potentialAction\":[{\"@type\":\"ReadAction\",\"target\":[\"https:\\\/\\\/boulangerieepifanny.com\\\/produit\\\/couronne-de-paques\\\/\"]}]},{\"@type\":\"ImageObject\",\"inLanguage\":\"en-CA\",\"@id\":\"https:\\\/\\\/boulangerieepifanny.com\\\/produit\\\/couronne-de-paques\\\/#primaryimage\",\"url\":\"https:\\\/\\\/boulangerieepifanny.com\\\/wp-content\\\/uploads\\\/2026\\\/03\\\/couronne_de_paques_boulangerie_epifanny.jpg\",\"contentUrl\":\"https:\\\/\\\/boulangerieepifanny.com\\\/wp-content\\\/uploads\\\/2026\\\/03\\\/couronne_de_paques_boulangerie_epifanny.jpg\",\"width\":800,\"height\":800},{\"@type\":\"BreadcrumbList\",\"@id\":\"https:\\\/\\\/boulangerieepifanny.com\\\/produit\\\/couronne-de-paques\\\/#breadcrumb\",\"itemListElement\":[{\"@type\":\"ListItem\",\"position\":1,\"name\":\"Inicio\",\"item\":\"https:\\\/\\\/boulangerieepifanny.com\\\/\"},{\"@type\":\"ListItem\",\"position\":2,\"name\":\"Produits\",\"item\":\"https:\\\/\\\/boulangerieepifanny.com\\\/shop\\\/\"},{\"@type\":\"ListItem\",\"position\":3,\"name\":\"Couronne de p\u00e2ques\"}]},{\"@type\":\"WebSite\",\"@id\":\"https:\\\/\\\/boulangerieepifanny.com\\\/#website\",\"url\":\"https:\\\/\\\/boulangerieepifanny.com\\\/\",\"name\":\"Boulangerie Epi&#039;fanny\",\"description\":\"Boulangerie Viennoiseries P\u00e2tisserie  Sandwicherie Caf\u00e9\",\"publisher\":{\"@id\":\"https:\\\/\\\/boulangerieepifanny.com\\\/#organization\"},\"potentialAction\":[{\"@type\":\"SearchAction\",\"target\":{\"@type\":\"EntryPoint\",\"urlTemplate\":\"https:\\\/\\\/boulangerieepifanny.com\\\/?s={search_term_string}\"},\"query-input\":{\"@type\":\"PropertyValueSpecification\",\"valueRequired\":true,\"valueName\":\"search_term_string\"}}],\"inLanguage\":\"en-CA\"},{\"@type\":\"Organization\",\"@id\":\"https:\\\/\\\/boulangerieepifanny.com\\\/#organization\",\"name\":\"Boulangerie Epi&#039;fanny\",\"url\":\"https:\\\/\\\/boulangerieepifanny.com\\\/\",\"logo\":{\"@type\":\"ImageObject\",\"inLanguage\":\"en-CA\",\"@id\":\"https:\\\/\\\/boulangerieepifanny.com\\\/#\\\/schema\\\/logo\\\/image\\\/\",\"url\":\"https:\\\/\\\/boulangerieepifanny.com\\\/wp-content\\\/uploads\\\/2021\\\/08\\\/cropped-boulangerie-epifanny-mail.png\",\"contentUrl\":\"https:\\\/\\\/boulangerieepifanny.com\\\/wp-content\\\/uploads\\\/2021\\\/08\\\/cropped-boulangerie-epifanny-mail.png\",\"width\":512,\"height\":512,\"caption\":\"Boulangerie Epi&#039;fanny\"},\"image\":{\"@id\":\"https:\\\/\\\/boulangerieepifanny.com\\\/#\\\/schema\\\/logo\\\/image\\\/\"}}]}<\/script>\n<!-- \/ Yoast SEO plugin. -->","yoast_head_json":{"title":"Couronne de p\u00e2ques - Boulangerie Epi&#039;fanny","robots":{"index":"index","follow":"follow","max-snippet":"max-snippet:-1","max-image-preview":"max-image-preview:large","max-video-preview":"max-video-preview:-1"},"canonical":"https:\/\/boulangerieepifanny.com\/en\/product\/couronne-de-paques\/","og_locale":"en_US","og_type":"article","og_title":"Couronne de p\u00e2ques - Boulangerie Epi&#039;fanny","og_description":"Farine de bl\u00e9 non blanchie, beurre, \u0153ufs, sucre, chocolat, levure, sel. P\u00e2te feuillet\u00e9 Brownie chocolat noir Deux saveurs: Pralin\u00e9 noisettes Pralin\u00e9 grain ou Caramel beurre sal\u00e9. **Disponible \u00e0 partir du vendredi 3 avril**","og_url":"https:\/\/boulangerieepifanny.com\/en\/product\/couronne-de-paques\/","og_site_name":"Boulangerie Epi&#039;fanny","article_modified_time":"2026-04-03T15:19:05+00:00","og_image":[{"width":800,"height":800,"url":"https:\/\/boulangerieepifanny.com\/wp-content\/uploads\/2026\/03\/couronne_de_paques_boulangerie_epifanny.jpg","type":"image\/jpeg"}],"twitter_card":"summary_large_image","twitter_misc":{"Est. reading time":"1 minute"},"schema":{"@context":"https:\/\/schema.org","@graph":[{"@type":"WebPage","@id":"https:\/\/boulangerieepifanny.com\/produit\/couronne-de-paques\/","url":"https:\/\/boulangerieepifanny.com\/produit\/couronne-de-paques\/","name":"Couronne de p\u00e2ques - Boulangerie Epi&#039;fanny","isPartOf":{"@id":"https:\/\/boulangerieepifanny.com\/#website"},"primaryImageOfPage":{"@id":"https:\/\/boulangerieepifanny.com\/produit\/couronne-de-paques\/#primaryimage"},"image":{"@id":"https:\/\/boulangerieepifanny.com\/produit\/couronne-de-paques\/#primaryimage"},"thumbnailUrl":"https:\/\/boulangerieepifanny.com\/wp-content\/uploads\/2026\/03\/couronne_de_paques_boulangerie_epifanny.jpg","datePublished":"2026-03-31T17:31:09+00:00","dateModified":"2026-04-03T15:19:05+00:00","breadcrumb":{"@id":"https:\/\/boulangerieepifanny.com\/produit\/couronne-de-paques\/#breadcrumb"},"inLanguage":"en-CA","potentialAction":[{"@type":"ReadAction","target":["https:\/\/boulangerieepifanny.com\/produit\/couronne-de-paques\/"]}]},{"@type":"ImageObject","inLanguage":"en-CA","@id":"https:\/\/boulangerieepifanny.com\/produit\/couronne-de-paques\/#primaryimage","url":"https:\/\/boulangerieepifanny.com\/wp-content\/uploads\/2026\/03\/couronne_de_paques_boulangerie_epifanny.jpg","contentUrl":"https:\/\/boulangerieepifanny.com\/wp-content\/uploads\/2026\/03\/couronne_de_paques_boulangerie_epifanny.jpg","width":800,"height":800},{"@type":"BreadcrumbList","@id":"https:\/\/boulangerieepifanny.com\/produit\/couronne-de-paques\/#breadcrumb","itemListElement":[{"@type":"ListItem","position":1,"name":"Inicio","item":"https:\/\/boulangerieepifanny.com\/"},{"@type":"ListItem","position":2,"name":"Produits","item":"https:\/\/boulangerieepifanny.com\/shop\/"},{"@type":"ListItem","position":3,"name":"Couronne de p\u00e2ques"}]},{"@type":"WebSite","@id":"https:\/\/boulangerieepifanny.com\/#website","url":"https:\/\/boulangerieepifanny.com\/","name":"Epi&#039;fanny Bakery","description":"Bakery, Viennese Pastries, Pastry Shop, Sandwich Shop, Cafe","publisher":{"@id":"https:\/\/boulangerieepifanny.com\/#organization"},"potentialAction":[{"@type":"SearchAction","target":{"@type":"EntryPoint","urlTemplate":"https:\/\/boulangerieepifanny.com\/?s={search_term_string}"},"query-input":{"@type":"PropertyValueSpecification","valueRequired":true,"valueName":"search_term_string"}}],"inLanguage":"en-CA"},{"@type":"Organization","@id":"https:\/\/boulangerieepifanny.com\/#organization","name":"Epi&#039;fanny Bakery","url":"https:\/\/boulangerieepifanny.com\/","logo":{"@type":"ImageObject","inLanguage":"en-CA","@id":"https:\/\/boulangerieepifanny.com\/#\/schema\/logo\/image\/","url":"https:\/\/boulangerieepifanny.com\/wp-content\/uploads\/2021\/08\/cropped-boulangerie-epifanny-mail.png","contentUrl":"https:\/\/boulangerieepifanny.com\/wp-content\/uploads\/2021\/08\/cropped-boulangerie-epifanny-mail.png","width":512,"height":512,"caption":"Boulangerie Epi&#039;fanny"},"image":{"@id":"https:\/\/boulangerieepifanny.com\/#\/schema\/logo\/image\/"}}]}},"_links":{"self":[{"href":"https:\/\/boulangerieepifanny.com\/en\/wp-json\/wp\/v2\/product\/5815","targetHints":{"allow":["GET"]}}],"collection":[{"href":"https:\/\/boulangerieepifanny.com\/en\/wp-json\/wp\/v2\/product"}],"about":[{"href":"https:\/\/boulangerieepifanny.com\/en\/wp-json\/wp\/v2\/types\/product"}],"wp:featuredmedia":[{"embeddable":true,"href":"https:\/\/boulangerieepifanny.com\/en\/wp-json\/wp\/v2\/media\/5816"}],"wp:attachment":[{"href":"https:\/\/boulangerieepifanny.com\/en\/wp-json\/wp\/v2\/media?parent=5815"}],"wp:term":[{"taxonomy":"product_brand","embeddable":true,"href":"https:\/\/boulangerieepifanny.com\/en\/wp-json\/wp\/v2\/product_brand?post=5815"},{"taxonomy":"product_cat","embeddable":true,"href":"https:\/\/boulangerieepifanny.com\/en\/wp-json\/wp\/v2\/product_cat?post=5815"},{"taxonomy":"product_tag","embeddable":true,"href":"https:\/\/boulangerieepifanny.com\/en\/wp-json\/wp\/v2\/product_tag?post=5815"}],"curies":[{"name":"wp","href":"https:\/\/api.w.org\/{rel}","templated":true}]}}