{"id":5688,"date":"2026-02-03T22:48:23","date_gmt":"2026-02-04T03:48:23","guid":{"rendered":"https:\/\/boulangerieepifanny.com\/?post_type=product&#038;p=5688"},"modified":"2026-02-03T23:04:36","modified_gmt":"2026-02-04T04:04:36","slug":"cake-carotte-12-morceaux","status":"publish","type":"product","link":"https:\/\/boulangerieepifanny.com\/en\/product\/cake-carotte-12-morceaux\/","title":{"rendered":"Cake carotte (12 morceaux) **SANS LACTOSE**"},"content":{"rendered":"<p>Beurre, huile, cr\u00e8me, trimoline, \u0153uf, sucre, farine, bicarbonate de soda, fromage \u00e0 la cr\u00e8me, noix de Grenoble.<\/p>","protected":false},"excerpt":{"rendered":"<p>Beurre, huile, cr\u00e8me, trimoline, \u0153uf, sucre, farine, bicarbonate de soda, fromage \u00e0 la cr\u00e8me, noix de Grenoble.<\/p>","protected":false},"featured_media":5689,"template":"","meta":{"inline_featured_image":false},"product_brand":[],"product_cat":[28],"product_tag":[17,19],"class_list":{"0":"post-5688","1":"product","2":"type-product","3":"status-publish","4":"has-post-thumbnail","6":"product_cat-produits-saisonniers","7":"product_tag-gluten","8":"product_tag-lait","10":"first","11":"instock","12":"purchasable","13":"product-type-simple"},"yoast_head":"<!-- This site is optimized with the Yoast SEO plugin v27.3 - https:\/\/yoast.com\/product\/yoast-seo-wordpress\/ -->\n<title>Cake carotte (12 morceaux) **SANS LACTOSE** - Boulangerie Epi&#039;fanny<\/title>\n<meta name=\"robots\" content=\"index, follow, max-snippet:-1, max-image-preview:large, max-video-preview:-1\" \/>\n<link rel=\"canonical\" href=\"https:\/\/boulangerieepifanny.com\/en\/product\/cake-carotte-12-morceaux\/\" \/>\n<meta property=\"og:locale\" content=\"en_US\" \/>\n<meta property=\"og:type\" content=\"article\" \/>\n<meta property=\"og:title\" content=\"Cake carotte (12 morceaux) **SANS LACTOSE** - Boulangerie Epi&#039;fanny\" \/>\n<meta property=\"og:description\" content=\"Beurre, huile, cr\u00e8me, trimoline, \u0153uf, sucre, farine, bicarbonate de soda, fromage \u00e0 la cr\u00e8me, noix de Grenoble.\" \/>\n<meta property=\"og:url\" content=\"https:\/\/boulangerieepifanny.com\/en\/product\/cake-carotte-12-morceaux\/\" \/>\n<meta property=\"og:site_name\" content=\"Boulangerie Epi&#039;fanny\" \/>\n<meta property=\"article:modified_time\" content=\"2026-02-04T04:04:36+00:00\" \/>\n<meta property=\"og:image\" content=\"https:\/\/boulangerieepifanny.com\/wp-content\/uploads\/2026\/02\/tarte_carotte_boulangerie_epifanny.jpg\" \/>\n\t<meta property=\"og:image:width\" content=\"800\" \/>\n\t<meta property=\"og:image:height\" content=\"800\" \/>\n\t<meta property=\"og:image:type\" content=\"image\/jpeg\" \/>\n<meta name=\"twitter:card\" content=\"summary_large_image\" \/>\n<meta name=\"twitter:label1\" content=\"Est. reading time\" \/>\n\t<meta name=\"twitter:data1\" content=\"1 minute\" \/>\n<script type=\"application\/ld+json\" class=\"yoast-schema-graph\">{\"@context\":\"https:\\\/\\\/schema.org\",\"@graph\":[{\"@type\":\"WebPage\",\"@id\":\"https:\\\/\\\/boulangerieepifanny.com\\\/produit\\\/cake-carotte-12-morceaux\\\/\",\"url\":\"https:\\\/\\\/boulangerieepifanny.com\\\/produit\\\/cake-carotte-12-morceaux\\\/\",\"name\":\"Cake carotte (12 morceaux) **SANS LACTOSE** - Boulangerie Epi&#039;fanny\",\"isPartOf\":{\"@id\":\"https:\\\/\\\/boulangerieepifanny.com\\\/#website\"},\"primaryImageOfPage\":{\"@id\":\"https:\\\/\\\/boulangerieepifanny.com\\\/produit\\\/cake-carotte-12-morceaux\\\/#primaryimage\"},\"image\":{\"@id\":\"https:\\\/\\\/boulangerieepifanny.com\\\/produit\\\/cake-carotte-12-morceaux\\\/#primaryimage\"},\"thumbnailUrl\":\"https:\\\/\\\/boulangerieepifanny.com\\\/wp-content\\\/uploads\\\/2026\\\/02\\\/tarte_carotte_boulangerie_epifanny.jpg\",\"datePublished\":\"2026-02-04T03:48:23+00:00\",\"dateModified\":\"2026-02-04T04:04:36+00:00\",\"breadcrumb\":{\"@id\":\"https:\\\/\\\/boulangerieepifanny.com\\\/produit\\\/cake-carotte-12-morceaux\\\/#breadcrumb\"},\"inLanguage\":\"en-CA\",\"potentialAction\":[{\"@type\":\"ReadAction\",\"target\":[\"https:\\\/\\\/boulangerieepifanny.com\\\/produit\\\/cake-carotte-12-morceaux\\\/\"]}]},{\"@type\":\"ImageObject\",\"inLanguage\":\"en-CA\",\"@id\":\"https:\\\/\\\/boulangerieepifanny.com\\\/produit\\\/cake-carotte-12-morceaux\\\/#primaryimage\",\"url\":\"https:\\\/\\\/boulangerieepifanny.com\\\/wp-content\\\/uploads\\\/2026\\\/02\\\/tarte_carotte_boulangerie_epifanny.jpg\",\"contentUrl\":\"https:\\\/\\\/boulangerieepifanny.com\\\/wp-content\\\/uploads\\\/2026\\\/02\\\/tarte_carotte_boulangerie_epifanny.jpg\",\"width\":800,\"height\":800,\"caption\":\"cake_carotte_boulangerie_epifanny\"},{\"@type\":\"BreadcrumbList\",\"@id\":\"https:\\\/\\\/boulangerieepifanny.com\\\/produit\\\/cake-carotte-12-morceaux\\\/#breadcrumb\",\"itemListElement\":[{\"@type\":\"ListItem\",\"position\":1,\"name\":\"Inicio\",\"item\":\"https:\\\/\\\/boulangerieepifanny.com\\\/\"},{\"@type\":\"ListItem\",\"position\":2,\"name\":\"Produits\",\"item\":\"https:\\\/\\\/boulangerieepifanny.com\\\/shop\\\/\"},{\"@type\":\"ListItem\",\"position\":3,\"name\":\"Cake carotte (12 morceaux) **SANS LACTOSE**\"}]},{\"@type\":\"WebSite\",\"@id\":\"https:\\\/\\\/boulangerieepifanny.com\\\/#website\",\"url\":\"https:\\\/\\\/boulangerieepifanny.com\\\/\",\"name\":\"Boulangerie Epi&#039;fanny\",\"description\":\"Boulangerie Viennoiseries P\u00e2tisserie  Sandwicherie Caf\u00e9\",\"publisher\":{\"@id\":\"https:\\\/\\\/boulangerieepifanny.com\\\/#organization\"},\"potentialAction\":[{\"@type\":\"SearchAction\",\"target\":{\"@type\":\"EntryPoint\",\"urlTemplate\":\"https:\\\/\\\/boulangerieepifanny.com\\\/?s={search_term_string}\"},\"query-input\":{\"@type\":\"PropertyValueSpecification\",\"valueRequired\":true,\"valueName\":\"search_term_string\"}}],\"inLanguage\":\"en-CA\"},{\"@type\":\"Organization\",\"@id\":\"https:\\\/\\\/boulangerieepifanny.com\\\/#organization\",\"name\":\"Boulangerie Epi&#039;fanny\",\"url\":\"https:\\\/\\\/boulangerieepifanny.com\\\/\",\"logo\":{\"@type\":\"ImageObject\",\"inLanguage\":\"en-CA\",\"@id\":\"https:\\\/\\\/boulangerieepifanny.com\\\/#\\\/schema\\\/logo\\\/image\\\/\",\"url\":\"https:\\\/\\\/boulangerieepifanny.com\\\/wp-content\\\/uploads\\\/2021\\\/08\\\/cropped-boulangerie-epifanny-mail.png\",\"contentUrl\":\"https:\\\/\\\/boulangerieepifanny.com\\\/wp-content\\\/uploads\\\/2021\\\/08\\\/cropped-boulangerie-epifanny-mail.png\",\"width\":512,\"height\":512,\"caption\":\"Boulangerie Epi&#039;fanny\"},\"image\":{\"@id\":\"https:\\\/\\\/boulangerieepifanny.com\\\/#\\\/schema\\\/logo\\\/image\\\/\"}}]}<\/script>\n<!-- \/ Yoast SEO plugin. -->","yoast_head_json":{"title":"Cake carotte (12 morceaux) **SANS LACTOSE** - Boulangerie Epi&#039;fanny","robots":{"index":"index","follow":"follow","max-snippet":"max-snippet:-1","max-image-preview":"max-image-preview:large","max-video-preview":"max-video-preview:-1"},"canonical":"https:\/\/boulangerieepifanny.com\/en\/product\/cake-carotte-12-morceaux\/","og_locale":"en_US","og_type":"article","og_title":"Cake carotte (12 morceaux) **SANS LACTOSE** - Boulangerie Epi&#039;fanny","og_description":"Beurre, huile, cr\u00e8me, trimoline, \u0153uf, sucre, farine, bicarbonate de soda, fromage \u00e0 la cr\u00e8me, noix de Grenoble.","og_url":"https:\/\/boulangerieepifanny.com\/en\/product\/cake-carotte-12-morceaux\/","og_site_name":"Boulangerie Epi&#039;fanny","article_modified_time":"2026-02-04T04:04:36+00:00","og_image":[{"width":800,"height":800,"url":"https:\/\/boulangerieepifanny.com\/wp-content\/uploads\/2026\/02\/tarte_carotte_boulangerie_epifanny.jpg","type":"image\/jpeg"}],"twitter_card":"summary_large_image","twitter_misc":{"Est. reading time":"1 minute"},"schema":{"@context":"https:\/\/schema.org","@graph":[{"@type":"WebPage","@id":"https:\/\/boulangerieepifanny.com\/produit\/cake-carotte-12-morceaux\/","url":"https:\/\/boulangerieepifanny.com\/produit\/cake-carotte-12-morceaux\/","name":"Cake carotte (12 morceaux) **SANS LACTOSE** - Boulangerie Epi&#039;fanny","isPartOf":{"@id":"https:\/\/boulangerieepifanny.com\/#website"},"primaryImageOfPage":{"@id":"https:\/\/boulangerieepifanny.com\/produit\/cake-carotte-12-morceaux\/#primaryimage"},"image":{"@id":"https:\/\/boulangerieepifanny.com\/produit\/cake-carotte-12-morceaux\/#primaryimage"},"thumbnailUrl":"https:\/\/boulangerieepifanny.com\/wp-content\/uploads\/2026\/02\/tarte_carotte_boulangerie_epifanny.jpg","datePublished":"2026-02-04T03:48:23+00:00","dateModified":"2026-02-04T04:04:36+00:00","breadcrumb":{"@id":"https:\/\/boulangerieepifanny.com\/produit\/cake-carotte-12-morceaux\/#breadcrumb"},"inLanguage":"en-CA","potentialAction":[{"@type":"ReadAction","target":["https:\/\/boulangerieepifanny.com\/produit\/cake-carotte-12-morceaux\/"]}]},{"@type":"ImageObject","inLanguage":"en-CA","@id":"https:\/\/boulangerieepifanny.com\/produit\/cake-carotte-12-morceaux\/#primaryimage","url":"https:\/\/boulangerieepifanny.com\/wp-content\/uploads\/2026\/02\/tarte_carotte_boulangerie_epifanny.jpg","contentUrl":"https:\/\/boulangerieepifanny.com\/wp-content\/uploads\/2026\/02\/tarte_carotte_boulangerie_epifanny.jpg","width":800,"height":800,"caption":"cake_carotte_boulangerie_epifanny"},{"@type":"BreadcrumbList","@id":"https:\/\/boulangerieepifanny.com\/produit\/cake-carotte-12-morceaux\/#breadcrumb","itemListElement":[{"@type":"ListItem","position":1,"name":"Inicio","item":"https:\/\/boulangerieepifanny.com\/"},{"@type":"ListItem","position":2,"name":"Produits","item":"https:\/\/boulangerieepifanny.com\/shop\/"},{"@type":"ListItem","position":3,"name":"Cake carotte (12 morceaux) **SANS LACTOSE**"}]},{"@type":"WebSite","@id":"https:\/\/boulangerieepifanny.com\/#website","url":"https:\/\/boulangerieepifanny.com\/","name":"Epi&#039;fanny Bakery","description":"Bakery, Viennese Pastries, Pastry Shop, Sandwich Shop, Cafe","publisher":{"@id":"https:\/\/boulangerieepifanny.com\/#organization"},"potentialAction":[{"@type":"SearchAction","target":{"@type":"EntryPoint","urlTemplate":"https:\/\/boulangerieepifanny.com\/?s={search_term_string}"},"query-input":{"@type":"PropertyValueSpecification","valueRequired":true,"valueName":"search_term_string"}}],"inLanguage":"en-CA"},{"@type":"Organization","@id":"https:\/\/boulangerieepifanny.com\/#organization","name":"Epi&#039;fanny Bakery","url":"https:\/\/boulangerieepifanny.com\/","logo":{"@type":"ImageObject","inLanguage":"en-CA","@id":"https:\/\/boulangerieepifanny.com\/#\/schema\/logo\/image\/","url":"https:\/\/boulangerieepifanny.com\/wp-content\/uploads\/2021\/08\/cropped-boulangerie-epifanny-mail.png","contentUrl":"https:\/\/boulangerieepifanny.com\/wp-content\/uploads\/2021\/08\/cropped-boulangerie-epifanny-mail.png","width":512,"height":512,"caption":"Boulangerie Epi&#039;fanny"},"image":{"@id":"https:\/\/boulangerieepifanny.com\/#\/schema\/logo\/image\/"}}]}},"_links":{"self":[{"href":"https:\/\/boulangerieepifanny.com\/en\/wp-json\/wp\/v2\/product\/5688","targetHints":{"allow":["GET"]}}],"collection":[{"href":"https:\/\/boulangerieepifanny.com\/en\/wp-json\/wp\/v2\/product"}],"about":[{"href":"https:\/\/boulangerieepifanny.com\/en\/wp-json\/wp\/v2\/types\/product"}],"wp:featuredmedia":[{"embeddable":true,"href":"https:\/\/boulangerieepifanny.com\/en\/wp-json\/wp\/v2\/media\/5689"}],"wp:attachment":[{"href":"https:\/\/boulangerieepifanny.com\/en\/wp-json\/wp\/v2\/media?parent=5688"}],"wp:term":[{"taxonomy":"product_brand","embeddable":true,"href":"https:\/\/boulangerieepifanny.com\/en\/wp-json\/wp\/v2\/product_brand?post=5688"},{"taxonomy":"product_cat","embeddable":true,"href":"https:\/\/boulangerieepifanny.com\/en\/wp-json\/wp\/v2\/product_cat?post=5688"},{"taxonomy":"product_tag","embeddable":true,"href":"https:\/\/boulangerieepifanny.com\/en\/wp-json\/wp\/v2\/product_tag?post=5688"}],"curies":[{"name":"wp","href":"https:\/\/api.w.org\/{rel}","templated":true}]}}