{"id":5681,"date":"2026-02-03T22:08:37","date_gmt":"2026-02-04T03:08:37","guid":{"rendered":"https:\/\/boulangerieepifanny.com\/?post_type=product&#038;p=5681"},"modified":"2026-03-31T13:48:02","modified_gmt":"2026-03-31T17:48:02","slug":"sac-sables-assortis-6-unites","status":"publish","type":"product","link":"https:\/\/boulangerieepifanny.com\/en\/product\/sac-sables-assortis-6-unites\/","title":{"rendered":"Sac sabl\u00e9s assortis (6 unit\u00e9s)"},"content":{"rendered":"<p>Farine de bl\u00e9 non blanchie, beurre, sucre, sel, \u0153ufs, lait, vanille, pistaches, cacao en poudre, noix de p\u00e9can.<\/p>\n<p>SAVEUR :\u00a0 VANILLE &#8211; CHOCOLAT NOIX DE P\u00c9CAN &#8211; PISTACHES<\/p>","protected":false},"excerpt":{"rendered":"<p>Farine de bl\u00e9 non blanchie, beurre, sucre, sel, \u0153ufs, lait, vanille, pistaches, cacao en poudre, noix de p\u00e9can.<\/p>\n<p>SAVEUR :\u00a0 VANILLE &#8211; CHOCOLAT NOIX DE P\u00c9CAN &#8211; PISTACHES.<\/p>","protected":false},"featured_media":5682,"template":"","meta":{"inline_featured_image":false},"product_brand":[],"product_cat":[28],"product_tag":[17,19],"class_list":{"0":"post-5681","1":"product","2":"type-product","3":"status-publish","4":"has-post-thumbnail","6":"product_cat-produits-saisonniers","7":"product_tag-gluten","8":"product_tag-lait","10":"first","11":"instock","12":"purchasable","13":"product-type-simple"},"yoast_head":"<!-- This site is optimized with the Yoast SEO plugin v27.3 - https:\/\/yoast.com\/product\/yoast-seo-wordpress\/ -->\n<title>Sac sabl\u00e9s assortis (6 unit\u00e9s) - Boulangerie Epi&#039;fanny<\/title>\n<meta name=\"robots\" content=\"index, follow, max-snippet:-1, max-image-preview:large, max-video-preview:-1\" \/>\n<link rel=\"canonical\" href=\"https:\/\/boulangerieepifanny.com\/en\/product\/sac-sables-assortis-6-unites\/\" \/>\n<meta property=\"og:locale\" content=\"en_US\" \/>\n<meta property=\"og:type\" content=\"article\" \/>\n<meta property=\"og:title\" content=\"Sac sabl\u00e9s assortis (6 unit\u00e9s) - Boulangerie Epi&#039;fanny\" \/>\n<meta property=\"og:description\" content=\"Farine de bl\u00e9 non blanchie, beurre, sucre, sel, \u0153ufs, lait, vanille, pistaches, cacao en poudre, noix de p\u00e9can.  SAVEUR :\u00a0 VANILLE - CHOCOLAT NOIX DE P\u00c9CAN - PISTACHES.\" \/>\n<meta property=\"og:url\" content=\"https:\/\/boulangerieepifanny.com\/en\/product\/sac-sables-assortis-6-unites\/\" \/>\n<meta property=\"og:site_name\" content=\"Boulangerie Epi&#039;fanny\" \/>\n<meta property=\"article:modified_time\" content=\"2026-03-31T17:48:02+00:00\" \/>\n<meta property=\"og:image\" content=\"https:\/\/boulangerieepifanny.com\/wp-content\/uploads\/2026\/02\/sables_boulangerie_epifanny.jpg\" \/>\n\t<meta property=\"og:image:width\" content=\"800\" \/>\n\t<meta property=\"og:image:height\" content=\"800\" \/>\n\t<meta property=\"og:image:type\" content=\"image\/jpeg\" \/>\n<meta name=\"twitter:card\" content=\"summary_large_image\" \/>\n<meta name=\"twitter:label1\" content=\"Est. reading time\" \/>\n\t<meta name=\"twitter:data1\" content=\"1 minute\" \/>\n<script type=\"application\/ld+json\" class=\"yoast-schema-graph\">{\"@context\":\"https:\\\/\\\/schema.org\",\"@graph\":[{\"@type\":\"WebPage\",\"@id\":\"https:\\\/\\\/boulangerieepifanny.com\\\/produit\\\/sac-sables-assortis-6-unites\\\/\",\"url\":\"https:\\\/\\\/boulangerieepifanny.com\\\/produit\\\/sac-sables-assortis-6-unites\\\/\",\"name\":\"Sac sabl\u00e9s assortis (6 unit\u00e9s) - Boulangerie Epi&#039;fanny\",\"isPartOf\":{\"@id\":\"https:\\\/\\\/boulangerieepifanny.com\\\/#website\"},\"primaryImageOfPage\":{\"@id\":\"https:\\\/\\\/boulangerieepifanny.com\\\/produit\\\/sac-sables-assortis-6-unites\\\/#primaryimage\"},\"image\":{\"@id\":\"https:\\\/\\\/boulangerieepifanny.com\\\/produit\\\/sac-sables-assortis-6-unites\\\/#primaryimage\"},\"thumbnailUrl\":\"https:\\\/\\\/boulangerieepifanny.com\\\/wp-content\\\/uploads\\\/2026\\\/02\\\/sables_boulangerie_epifanny.jpg\",\"datePublished\":\"2026-02-04T03:08:37+00:00\",\"dateModified\":\"2026-03-31T17:48:02+00:00\",\"breadcrumb\":{\"@id\":\"https:\\\/\\\/boulangerieepifanny.com\\\/produit\\\/sac-sables-assortis-6-unites\\\/#breadcrumb\"},\"inLanguage\":\"en-CA\",\"potentialAction\":[{\"@type\":\"ReadAction\",\"target\":[\"https:\\\/\\\/boulangerieepifanny.com\\\/produit\\\/sac-sables-assortis-6-unites\\\/\"]}]},{\"@type\":\"ImageObject\",\"inLanguage\":\"en-CA\",\"@id\":\"https:\\\/\\\/boulangerieepifanny.com\\\/produit\\\/sac-sables-assortis-6-unites\\\/#primaryimage\",\"url\":\"https:\\\/\\\/boulangerieepifanny.com\\\/wp-content\\\/uploads\\\/2026\\\/02\\\/sables_boulangerie_epifanny.jpg\",\"contentUrl\":\"https:\\\/\\\/boulangerieepifanny.com\\\/wp-content\\\/uploads\\\/2026\\\/02\\\/sables_boulangerie_epifanny.jpg\",\"width\":800,\"height\":800,\"caption\":\"sables_boulangerie_epifanny\"},{\"@type\":\"BreadcrumbList\",\"@id\":\"https:\\\/\\\/boulangerieepifanny.com\\\/produit\\\/sac-sables-assortis-6-unites\\\/#breadcrumb\",\"itemListElement\":[{\"@type\":\"ListItem\",\"position\":1,\"name\":\"Inicio\",\"item\":\"https:\\\/\\\/boulangerieepifanny.com\\\/\"},{\"@type\":\"ListItem\",\"position\":2,\"name\":\"Produits\",\"item\":\"https:\\\/\\\/boulangerieepifanny.com\\\/shop\\\/\"},{\"@type\":\"ListItem\",\"position\":3,\"name\":\"Sac sabl\u00e9s assortis (6 unit\u00e9s)\"}]},{\"@type\":\"WebSite\",\"@id\":\"https:\\\/\\\/boulangerieepifanny.com\\\/#website\",\"url\":\"https:\\\/\\\/boulangerieepifanny.com\\\/\",\"name\":\"Boulangerie Epi&#039;fanny\",\"description\":\"Boulangerie Viennoiseries P\u00e2tisserie  Sandwicherie Caf\u00e9\",\"publisher\":{\"@id\":\"https:\\\/\\\/boulangerieepifanny.com\\\/#organization\"},\"potentialAction\":[{\"@type\":\"SearchAction\",\"target\":{\"@type\":\"EntryPoint\",\"urlTemplate\":\"https:\\\/\\\/boulangerieepifanny.com\\\/?s={search_term_string}\"},\"query-input\":{\"@type\":\"PropertyValueSpecification\",\"valueRequired\":true,\"valueName\":\"search_term_string\"}}],\"inLanguage\":\"en-CA\"},{\"@type\":\"Organization\",\"@id\":\"https:\\\/\\\/boulangerieepifanny.com\\\/#organization\",\"name\":\"Boulangerie Epi&#039;fanny\",\"url\":\"https:\\\/\\\/boulangerieepifanny.com\\\/\",\"logo\":{\"@type\":\"ImageObject\",\"inLanguage\":\"en-CA\",\"@id\":\"https:\\\/\\\/boulangerieepifanny.com\\\/#\\\/schema\\\/logo\\\/image\\\/\",\"url\":\"https:\\\/\\\/boulangerieepifanny.com\\\/wp-content\\\/uploads\\\/2021\\\/08\\\/cropped-boulangerie-epifanny-mail.png\",\"contentUrl\":\"https:\\\/\\\/boulangerieepifanny.com\\\/wp-content\\\/uploads\\\/2021\\\/08\\\/cropped-boulangerie-epifanny-mail.png\",\"width\":512,\"height\":512,\"caption\":\"Boulangerie Epi&#039;fanny\"},\"image\":{\"@id\":\"https:\\\/\\\/boulangerieepifanny.com\\\/#\\\/schema\\\/logo\\\/image\\\/\"}}]}<\/script>\n<!-- \/ Yoast SEO plugin. -->","yoast_head_json":{"title":"Sac sabl\u00e9s assortis (6 unit\u00e9s) - Boulangerie Epi&#039;fanny","robots":{"index":"index","follow":"follow","max-snippet":"max-snippet:-1","max-image-preview":"max-image-preview:large","max-video-preview":"max-video-preview:-1"},"canonical":"https:\/\/boulangerieepifanny.com\/en\/product\/sac-sables-assortis-6-unites\/","og_locale":"en_US","og_type":"article","og_title":"Sac sabl\u00e9s assortis (6 unit\u00e9s) - Boulangerie Epi&#039;fanny","og_description":"Farine de bl\u00e9 non blanchie, beurre, sucre, sel, \u0153ufs, lait, vanille, pistaches, cacao en poudre, noix de p\u00e9can.  SAVEUR :\u00a0 VANILLE - CHOCOLAT NOIX DE P\u00c9CAN - PISTACHES.","og_url":"https:\/\/boulangerieepifanny.com\/en\/product\/sac-sables-assortis-6-unites\/","og_site_name":"Boulangerie Epi&#039;fanny","article_modified_time":"2026-03-31T17:48:02+00:00","og_image":[{"width":800,"height":800,"url":"https:\/\/boulangerieepifanny.com\/wp-content\/uploads\/2026\/02\/sables_boulangerie_epifanny.jpg","type":"image\/jpeg"}],"twitter_card":"summary_large_image","twitter_misc":{"Est. reading time":"1 minute"},"schema":{"@context":"https:\/\/schema.org","@graph":[{"@type":"WebPage","@id":"https:\/\/boulangerieepifanny.com\/produit\/sac-sables-assortis-6-unites\/","url":"https:\/\/boulangerieepifanny.com\/produit\/sac-sables-assortis-6-unites\/","name":"Sac sabl\u00e9s assortis (6 unit\u00e9s) - Boulangerie Epi&#039;fanny","isPartOf":{"@id":"https:\/\/boulangerieepifanny.com\/#website"},"primaryImageOfPage":{"@id":"https:\/\/boulangerieepifanny.com\/produit\/sac-sables-assortis-6-unites\/#primaryimage"},"image":{"@id":"https:\/\/boulangerieepifanny.com\/produit\/sac-sables-assortis-6-unites\/#primaryimage"},"thumbnailUrl":"https:\/\/boulangerieepifanny.com\/wp-content\/uploads\/2026\/02\/sables_boulangerie_epifanny.jpg","datePublished":"2026-02-04T03:08:37+00:00","dateModified":"2026-03-31T17:48:02+00:00","breadcrumb":{"@id":"https:\/\/boulangerieepifanny.com\/produit\/sac-sables-assortis-6-unites\/#breadcrumb"},"inLanguage":"en-CA","potentialAction":[{"@type":"ReadAction","target":["https:\/\/boulangerieepifanny.com\/produit\/sac-sables-assortis-6-unites\/"]}]},{"@type":"ImageObject","inLanguage":"en-CA","@id":"https:\/\/boulangerieepifanny.com\/produit\/sac-sables-assortis-6-unites\/#primaryimage","url":"https:\/\/boulangerieepifanny.com\/wp-content\/uploads\/2026\/02\/sables_boulangerie_epifanny.jpg","contentUrl":"https:\/\/boulangerieepifanny.com\/wp-content\/uploads\/2026\/02\/sables_boulangerie_epifanny.jpg","width":800,"height":800,"caption":"sables_boulangerie_epifanny"},{"@type":"BreadcrumbList","@id":"https:\/\/boulangerieepifanny.com\/produit\/sac-sables-assortis-6-unites\/#breadcrumb","itemListElement":[{"@type":"ListItem","position":1,"name":"Inicio","item":"https:\/\/boulangerieepifanny.com\/"},{"@type":"ListItem","position":2,"name":"Produits","item":"https:\/\/boulangerieepifanny.com\/shop\/"},{"@type":"ListItem","position":3,"name":"Sac sabl\u00e9s assortis (6 unit\u00e9s)"}]},{"@type":"WebSite","@id":"https:\/\/boulangerieepifanny.com\/#website","url":"https:\/\/boulangerieepifanny.com\/","name":"Epi&#039;fanny Bakery","description":"Bakery, Viennese Pastries, Pastry Shop, Sandwich Shop, Cafe","publisher":{"@id":"https:\/\/boulangerieepifanny.com\/#organization"},"potentialAction":[{"@type":"SearchAction","target":{"@type":"EntryPoint","urlTemplate":"https:\/\/boulangerieepifanny.com\/?s={search_term_string}"},"query-input":{"@type":"PropertyValueSpecification","valueRequired":true,"valueName":"search_term_string"}}],"inLanguage":"en-CA"},{"@type":"Organization","@id":"https:\/\/boulangerieepifanny.com\/#organization","name":"Epi&#039;fanny Bakery","url":"https:\/\/boulangerieepifanny.com\/","logo":{"@type":"ImageObject","inLanguage":"en-CA","@id":"https:\/\/boulangerieepifanny.com\/#\/schema\/logo\/image\/","url":"https:\/\/boulangerieepifanny.com\/wp-content\/uploads\/2021\/08\/cropped-boulangerie-epifanny-mail.png","contentUrl":"https:\/\/boulangerieepifanny.com\/wp-content\/uploads\/2021\/08\/cropped-boulangerie-epifanny-mail.png","width":512,"height":512,"caption":"Boulangerie Epi&#039;fanny"},"image":{"@id":"https:\/\/boulangerieepifanny.com\/#\/schema\/logo\/image\/"}}]}},"_links":{"self":[{"href":"https:\/\/boulangerieepifanny.com\/en\/wp-json\/wp\/v2\/product\/5681","targetHints":{"allow":["GET"]}}],"collection":[{"href":"https:\/\/boulangerieepifanny.com\/en\/wp-json\/wp\/v2\/product"}],"about":[{"href":"https:\/\/boulangerieepifanny.com\/en\/wp-json\/wp\/v2\/types\/product"}],"wp:featuredmedia":[{"embeddable":true,"href":"https:\/\/boulangerieepifanny.com\/en\/wp-json\/wp\/v2\/media\/5682"}],"wp:attachment":[{"href":"https:\/\/boulangerieepifanny.com\/en\/wp-json\/wp\/v2\/media?parent=5681"}],"wp:term":[{"taxonomy":"product_brand","embeddable":true,"href":"https:\/\/boulangerieepifanny.com\/en\/wp-json\/wp\/v2\/product_brand?post=5681"},{"taxonomy":"product_cat","embeddable":true,"href":"https:\/\/boulangerieepifanny.com\/en\/wp-json\/wp\/v2\/product_cat?post=5681"},{"taxonomy":"product_tag","embeddable":true,"href":"https:\/\/boulangerieepifanny.com\/en\/wp-json\/wp\/v2\/product_tag?post=5681"}],"curies":[{"name":"wp","href":"https:\/\/api.w.org\/{rel}","templated":true}]}}