{"id":4691,"date":"2025-04-02T18:01:18","date_gmt":"2025-04-02T22:01:18","guid":{"rendered":"https:\/\/boulangerieepifanny.com\/?post_type=product&#038;p=4691"},"modified":"2026-04-03T11:20:34","modified_gmt":"2026-04-03T15:20:34","slug":"entremet-de-paques","status":"publish","type":"product","link":"https:\/\/boulangerieepifanny.com\/en\/product\/entremet-de-paques\/","title":{"rendered":"Le nid de P\u00e2ques"},"content":{"rendered":"<p>Easter is the perfect opportunity to get together with family around delicious dishes and sweet treats.<\/p>\n<p>Biscuit brookie, caramel tendre \u00e0 la vanille, mousse chocolat lait Bahib\u00e9 (Valrhona) <span class=\"html-span xdj266r x14z9mp xat24cr x1lziwak xexx8yu xyri2b x18d9i69 x1c1uobl x1hl2dhg x16tdsg8 x1vvkbs x4k7w5x x1h91t0o x1h9r5lt x1jfb8zj xv2umb2 x1beo9mf xaigb6o x12ejxvf x3igimt xarpa2k xedcshv x1lytzrv x1t2pt76 x7ja8zs x1qrby5j\" style=\"color: #ff0000;\"><span class=\"x193iq5w xeuugli x13faqbe x1vvkbs xlh3980 xvmahel x1n0sxbx x1lliihq x1s928wv xhkezso x1gmr53x x1cpjm7i x1fgarty x1943h6x xudqn12 x3x7a5m x6prxxf xvq8zen xo1l8bm xzsf02u\" dir=\"auto\"> **Disponible \u00e0 partir du vendredi 3 avril**<\/span><\/span><\/p>\n<p>**This product contains bovine gelatin**<\/p>","protected":false},"excerpt":{"rendered":"<p>Easter is the perfect opportunity to get together with family around delicious dishes and sweet treats.<\/p>\n<p>Biscuit brookie, caramel tendre \u00e0 la vanille, mousse chocolat lait Bahib\u00e9 (Valrhona)<\/p>\n<p><span class=\"html-span xdj266r x14z9mp xat24cr x1lziwak xexx8yu xyri2b x18d9i69 x1c1uobl x1hl2dhg x16tdsg8 x1vvkbs x4k7w5x x1h91t0o x1h9r5lt x1jfb8zj xv2umb2 x1beo9mf xaigb6o x12ejxvf x3igimt xarpa2k xedcshv x1lytzrv x1t2pt76 x7ja8zs x1qrby5j\" style=\"color: #ff0000;\"><span class=\"x193iq5w xeuugli x13faqbe x1vvkbs xlh3980 xvmahel x1n0sxbx x1lliihq x1s928wv xhkezso x1gmr53x x1cpjm7i x1fgarty x1943h6x xudqn12 x3x7a5m x6prxxf xvq8zen xo1l8bm xzsf02u\" dir=\"auto\">**Disponible \u00e0 partir du vendredi 3 avril**<\/span><\/span><\/p>\n<p>**Ce produit contient de la g\u00e9latine de poisson**<\/p>","protected":false},"featured_media":5817,"template":"","meta":{"inline_featured_image":false},"product_brand":[],"product_cat":[28],"product_tag":[17,19],"class_list":{"0":"post-4691","1":"product","2":"type-product","3":"status-publish","4":"has-post-thumbnail","6":"product_cat-produits-saisonniers","7":"product_tag-gluten","8":"product_tag-lait","10":"first","11":"instock","12":"taxable","13":"shipping-taxable","14":"purchasable","15":"product-type-simple"},"yoast_head":"<!-- This site is optimized with the Yoast SEO plugin v27.3 - https:\/\/yoast.com\/product\/yoast-seo-wordpress\/ -->\n<title>Le nid de P\u00e2ques - Boulangerie Epi&#039;fanny<\/title>\n<meta name=\"robots\" content=\"index, follow, max-snippet:-1, max-image-preview:large, max-video-preview:-1\" \/>\n<link rel=\"canonical\" href=\"https:\/\/boulangerieepifanny.com\/en\/product\/entremet-de-paques\/\" \/>\n<meta property=\"og:locale\" content=\"en_US\" \/>\n<meta property=\"og:type\" content=\"article\" \/>\n<meta property=\"og:title\" content=\"Le nid de P\u00e2ques - Boulangerie Epi&#039;fanny\" \/>\n<meta property=\"og:description\" content=\"P\u00e2ques est l\u2019occasion parfaite pour se r\u00e9unir en famille autour de plats gourmands et de douceurs sucr\u00e9es.  Biscuit brookie, caramel tendre \u00e0 la vanille, mousse chocolat lait Bahib\u00e9 (Valrhona)  **Disponible \u00e0 partir du vendredi 3 avril**  **Ce produit contient de la g\u00e9latine de poisson**\" \/>\n<meta property=\"og:url\" content=\"https:\/\/boulangerieepifanny.com\/en\/product\/entremet-de-paques\/\" \/>\n<meta property=\"og:site_name\" content=\"Boulangerie Epi&#039;fanny\" \/>\n<meta property=\"article:modified_time\" content=\"2026-04-03T15:20:34+00:00\" \/>\n<meta property=\"og:image\" content=\"https:\/\/boulangerieepifanny.com\/wp-content\/uploads\/2025\/04\/le-nid_de-paques_boulangerie_epifanny.jpg\" \/>\n\t<meta property=\"og:image:width\" content=\"800\" \/>\n\t<meta property=\"og:image:height\" content=\"800\" \/>\n\t<meta property=\"og:image:type\" content=\"image\/jpeg\" \/>\n<meta name=\"twitter:card\" content=\"summary_large_image\" \/>\n<meta name=\"twitter:label1\" content=\"Est. reading time\" \/>\n\t<meta name=\"twitter:data1\" content=\"1 minute\" \/>\n<script type=\"application\/ld+json\" class=\"yoast-schema-graph\">{\"@context\":\"https:\\\/\\\/schema.org\",\"@graph\":[{\"@type\":\"WebPage\",\"@id\":\"https:\\\/\\\/boulangerieepifanny.com\\\/produit\\\/entremet-de-paques\\\/\",\"url\":\"https:\\\/\\\/boulangerieepifanny.com\\\/produit\\\/entremet-de-paques\\\/\",\"name\":\"Le nid de P\u00e2ques - Boulangerie Epi&#039;fanny\",\"isPartOf\":{\"@id\":\"https:\\\/\\\/boulangerieepifanny.com\\\/#website\"},\"primaryImageOfPage\":{\"@id\":\"https:\\\/\\\/boulangerieepifanny.com\\\/produit\\\/entremet-de-paques\\\/#primaryimage\"},\"image\":{\"@id\":\"https:\\\/\\\/boulangerieepifanny.com\\\/produit\\\/entremet-de-paques\\\/#primaryimage\"},\"thumbnailUrl\":\"https:\\\/\\\/boulangerieepifanny.com\\\/wp-content\\\/uploads\\\/2025\\\/04\\\/le-nid_de-paques_boulangerie_epifanny.jpg\",\"datePublished\":\"2025-04-02T22:01:18+00:00\",\"dateModified\":\"2026-04-03T15:20:34+00:00\",\"breadcrumb\":{\"@id\":\"https:\\\/\\\/boulangerieepifanny.com\\\/produit\\\/entremet-de-paques\\\/#breadcrumb\"},\"inLanguage\":\"en-CA\",\"potentialAction\":[{\"@type\":\"ReadAction\",\"target\":[\"https:\\\/\\\/boulangerieepifanny.com\\\/produit\\\/entremet-de-paques\\\/\"]}]},{\"@type\":\"ImageObject\",\"inLanguage\":\"en-CA\",\"@id\":\"https:\\\/\\\/boulangerieepifanny.com\\\/produit\\\/entremet-de-paques\\\/#primaryimage\",\"url\":\"https:\\\/\\\/boulangerieepifanny.com\\\/wp-content\\\/uploads\\\/2025\\\/04\\\/le-nid_de-paques_boulangerie_epifanny.jpg\",\"contentUrl\":\"https:\\\/\\\/boulangerieepifanny.com\\\/wp-content\\\/uploads\\\/2025\\\/04\\\/le-nid_de-paques_boulangerie_epifanny.jpg\",\"width\":800,\"height\":800,\"caption\":\"le_nid_de p\u00e2ques_boulangerie_epifanny\"},{\"@type\":\"BreadcrumbList\",\"@id\":\"https:\\\/\\\/boulangerieepifanny.com\\\/produit\\\/entremet-de-paques\\\/#breadcrumb\",\"itemListElement\":[{\"@type\":\"ListItem\",\"position\":1,\"name\":\"Inicio\",\"item\":\"https:\\\/\\\/boulangerieepifanny.com\\\/\"},{\"@type\":\"ListItem\",\"position\":2,\"name\":\"Produits\",\"item\":\"https:\\\/\\\/boulangerieepifanny.com\\\/shop\\\/\"},{\"@type\":\"ListItem\",\"position\":3,\"name\":\"Le nid de P\u00e2ques\"}]},{\"@type\":\"WebSite\",\"@id\":\"https:\\\/\\\/boulangerieepifanny.com\\\/#website\",\"url\":\"https:\\\/\\\/boulangerieepifanny.com\\\/\",\"name\":\"Boulangerie Epi&#039;fanny\",\"description\":\"Boulangerie Viennoiseries P\u00e2tisserie  Sandwicherie Caf\u00e9\",\"publisher\":{\"@id\":\"https:\\\/\\\/boulangerieepifanny.com\\\/#organization\"},\"potentialAction\":[{\"@type\":\"SearchAction\",\"target\":{\"@type\":\"EntryPoint\",\"urlTemplate\":\"https:\\\/\\\/boulangerieepifanny.com\\\/?s={search_term_string}\"},\"query-input\":{\"@type\":\"PropertyValueSpecification\",\"valueRequired\":true,\"valueName\":\"search_term_string\"}}],\"inLanguage\":\"en-CA\"},{\"@type\":\"Organization\",\"@id\":\"https:\\\/\\\/boulangerieepifanny.com\\\/#organization\",\"name\":\"Boulangerie Epi&#039;fanny\",\"url\":\"https:\\\/\\\/boulangerieepifanny.com\\\/\",\"logo\":{\"@type\":\"ImageObject\",\"inLanguage\":\"en-CA\",\"@id\":\"https:\\\/\\\/boulangerieepifanny.com\\\/#\\\/schema\\\/logo\\\/image\\\/\",\"url\":\"https:\\\/\\\/boulangerieepifanny.com\\\/wp-content\\\/uploads\\\/2021\\\/08\\\/cropped-boulangerie-epifanny-mail.png\",\"contentUrl\":\"https:\\\/\\\/boulangerieepifanny.com\\\/wp-content\\\/uploads\\\/2021\\\/08\\\/cropped-boulangerie-epifanny-mail.png\",\"width\":512,\"height\":512,\"caption\":\"Boulangerie Epi&#039;fanny\"},\"image\":{\"@id\":\"https:\\\/\\\/boulangerieepifanny.com\\\/#\\\/schema\\\/logo\\\/image\\\/\"}}]}<\/script>\n<!-- \/ Yoast SEO plugin. -->","yoast_head_json":{"title":"Le nid de P\u00e2ques - Boulangerie Epi&#039;fanny","robots":{"index":"index","follow":"follow","max-snippet":"max-snippet:-1","max-image-preview":"max-image-preview:large","max-video-preview":"max-video-preview:-1"},"canonical":"https:\/\/boulangerieepifanny.com\/en\/product\/entremet-de-paques\/","og_locale":"en_US","og_type":"article","og_title":"Le nid de P\u00e2ques - Boulangerie Epi&#039;fanny","og_description":"P\u00e2ques est l\u2019occasion parfaite pour se r\u00e9unir en famille autour de plats gourmands et de douceurs sucr\u00e9es.  Biscuit brookie, caramel tendre \u00e0 la vanille, mousse chocolat lait Bahib\u00e9 (Valrhona)  **Disponible \u00e0 partir du vendredi 3 avril**  **Ce produit contient de la g\u00e9latine de poisson**","og_url":"https:\/\/boulangerieepifanny.com\/en\/product\/entremet-de-paques\/","og_site_name":"Boulangerie Epi&#039;fanny","article_modified_time":"2026-04-03T15:20:34+00:00","og_image":[{"width":800,"height":800,"url":"https:\/\/boulangerieepifanny.com\/wp-content\/uploads\/2025\/04\/le-nid_de-paques_boulangerie_epifanny.jpg","type":"image\/jpeg"}],"twitter_card":"summary_large_image","twitter_misc":{"Est. reading time":"1 minute"},"schema":{"@context":"https:\/\/schema.org","@graph":[{"@type":"WebPage","@id":"https:\/\/boulangerieepifanny.com\/produit\/entremet-de-paques\/","url":"https:\/\/boulangerieepifanny.com\/produit\/entremet-de-paques\/","name":"Le nid de P\u00e2ques - Boulangerie Epi&#039;fanny","isPartOf":{"@id":"https:\/\/boulangerieepifanny.com\/#website"},"primaryImageOfPage":{"@id":"https:\/\/boulangerieepifanny.com\/produit\/entremet-de-paques\/#primaryimage"},"image":{"@id":"https:\/\/boulangerieepifanny.com\/produit\/entremet-de-paques\/#primaryimage"},"thumbnailUrl":"https:\/\/boulangerieepifanny.com\/wp-content\/uploads\/2025\/04\/le-nid_de-paques_boulangerie_epifanny.jpg","datePublished":"2025-04-02T22:01:18+00:00","dateModified":"2026-04-03T15:20:34+00:00","breadcrumb":{"@id":"https:\/\/boulangerieepifanny.com\/produit\/entremet-de-paques\/#breadcrumb"},"inLanguage":"en-CA","potentialAction":[{"@type":"ReadAction","target":["https:\/\/boulangerieepifanny.com\/produit\/entremet-de-paques\/"]}]},{"@type":"ImageObject","inLanguage":"en-CA","@id":"https:\/\/boulangerieepifanny.com\/produit\/entremet-de-paques\/#primaryimage","url":"https:\/\/boulangerieepifanny.com\/wp-content\/uploads\/2025\/04\/le-nid_de-paques_boulangerie_epifanny.jpg","contentUrl":"https:\/\/boulangerieepifanny.com\/wp-content\/uploads\/2025\/04\/le-nid_de-paques_boulangerie_epifanny.jpg","width":800,"height":800,"caption":"le_nid_de p\u00e2ques_boulangerie_epifanny"},{"@type":"BreadcrumbList","@id":"https:\/\/boulangerieepifanny.com\/produit\/entremet-de-paques\/#breadcrumb","itemListElement":[{"@type":"ListItem","position":1,"name":"Inicio","item":"https:\/\/boulangerieepifanny.com\/"},{"@type":"ListItem","position":2,"name":"Produits","item":"https:\/\/boulangerieepifanny.com\/shop\/"},{"@type":"ListItem","position":3,"name":"Le nid de P\u00e2ques"}]},{"@type":"WebSite","@id":"https:\/\/boulangerieepifanny.com\/#website","url":"https:\/\/boulangerieepifanny.com\/","name":"Epi&#039;fanny Bakery","description":"Bakery, Viennese Pastries, Pastry Shop, Sandwich Shop, Cafe","publisher":{"@id":"https:\/\/boulangerieepifanny.com\/#organization"},"potentialAction":[{"@type":"SearchAction","target":{"@type":"EntryPoint","urlTemplate":"https:\/\/boulangerieepifanny.com\/?s={search_term_string}"},"query-input":{"@type":"PropertyValueSpecification","valueRequired":true,"valueName":"search_term_string"}}],"inLanguage":"en-CA"},{"@type":"Organization","@id":"https:\/\/boulangerieepifanny.com\/#organization","name":"Epi&#039;fanny Bakery","url":"https:\/\/boulangerieepifanny.com\/","logo":{"@type":"ImageObject","inLanguage":"en-CA","@id":"https:\/\/boulangerieepifanny.com\/#\/schema\/logo\/image\/","url":"https:\/\/boulangerieepifanny.com\/wp-content\/uploads\/2021\/08\/cropped-boulangerie-epifanny-mail.png","contentUrl":"https:\/\/boulangerieepifanny.com\/wp-content\/uploads\/2021\/08\/cropped-boulangerie-epifanny-mail.png","width":512,"height":512,"caption":"Boulangerie Epi&#039;fanny"},"image":{"@id":"https:\/\/boulangerieepifanny.com\/#\/schema\/logo\/image\/"}}]}},"_links":{"self":[{"href":"https:\/\/boulangerieepifanny.com\/en\/wp-json\/wp\/v2\/product\/4691","targetHints":{"allow":["GET"]}}],"collection":[{"href":"https:\/\/boulangerieepifanny.com\/en\/wp-json\/wp\/v2\/product"}],"about":[{"href":"https:\/\/boulangerieepifanny.com\/en\/wp-json\/wp\/v2\/types\/product"}],"wp:featuredmedia":[{"embeddable":true,"href":"https:\/\/boulangerieepifanny.com\/en\/wp-json\/wp\/v2\/media\/5817"}],"wp:attachment":[{"href":"https:\/\/boulangerieepifanny.com\/en\/wp-json\/wp\/v2\/media?parent=4691"}],"wp:term":[{"taxonomy":"product_brand","embeddable":true,"href":"https:\/\/boulangerieepifanny.com\/en\/wp-json\/wp\/v2\/product_brand?post=4691"},{"taxonomy":"product_cat","embeddable":true,"href":"https:\/\/boulangerieepifanny.com\/en\/wp-json\/wp\/v2\/product_cat?post=4691"},{"taxonomy":"product_tag","embeddable":true,"href":"https:\/\/boulangerieepifanny.com\/en\/wp-json\/wp\/v2\/product_tag?post=4691"}],"curies":[{"name":"wp","href":"https:\/\/api.w.org\/{rel}","templated":true}]}}