{"id":6279,"date":"2026-05-03T17:50:49","date_gmt":"2026-05-03T21:50:49","guid":{"rendered":"https:\/\/boulangerieepifanny.com\/?page_id=6279"},"modified":"2026-05-03T17:50:49","modified_gmt":"2026-05-03T21:50:49","slug":"carte-de-fidelite-boulangerie-epifanny","status":"publish","type":"page","link":"https:\/\/boulangerieepifanny.com\/en\/carte-de-fidelite-boulangerie-epifanny\/","title":{"rendered":"Carte de fid\u00e9lit\u00e9 &#8211; Boulangerie Epi&#8217;Fanny"},"content":{"rendered":"<div data-elementor-type=\"wp-page\" data-elementor-id=\"6279\" class=\"elementor elementor-6279\" data-elementor-post-type=\"page\">\n\t\t\t\t<div class=\"elementor-element elementor-element-5ec0df5c e-flex e-con-boxed e-con e-parent\" data-id=\"5ec0df5c\" data-element_type=\"container\" data-e-type=\"container\" data-settings=\"{&quot;background_background&quot;:&quot;classic&quot;}\">\n\t\t\t\t\t<div class=\"e-con-inner\">\n\t\t\t\t<div class=\"elementor-element elementor-element-3037134c elementor-widget elementor-widget-heading\" data-id=\"3037134c\" data-element_type=\"widget\" data-e-type=\"widget\" data-widget_type=\"heading.default\">\n\t\t\t\t\t<h2 class=\"elementor-heading-title elementor-size-default\">Votre carte de  fid\u00e9lit\u00e9 Datacandy<\/h2>\t\t\t\t<\/div>\n\t\t<div class=\"elementor-element elementor-element-63302e8 e-con-full e-flex e-con e-child\" data-id=\"63302e8\" data-element_type=\"container\" data-e-type=\"container\">\n\t\t\t\t<div class=\"elementor-element elementor-element-237b86d elementor-widget elementor-widget-text-editor\" data-id=\"237b86d\" data-element_type=\"widget\" data-e-type=\"widget\" data-widget_type=\"text-editor.default\">\n\t\t\t\t\t\t\t\t\t<p><span style=\"color: #ffffff;\">Accumulez des points \u00e0 chaque achat et profitez de r\u00e9compenses exclusives<\/span><\/p>\t\t\t\t\t\t\t\t<\/div>\n\t\t\t\t<\/div>\n\t\t\t\t\t<\/div>\n\t\t\t\t<\/div>\n\t\t<div class=\"elementor-element elementor-element-8b5b90c e-flex e-con-boxed e-con e-parent\" data-id=\"8b5b90c\" data-element_type=\"container\" data-e-type=\"container\">\n\t\t\t\t\t<div class=\"e-con-inner\">\n\t\t\t\t<div class=\"elementor-element elementor-element-5e399854 elementor-widget elementor-widget-text-editor\" data-id=\"5e399854\" data-element_type=\"widget\" data-e-type=\"widget\" data-widget_type=\"text-editor.default\">\n\t\t\t\t\t\t\t\t\t<h3 style=\"text-align: left;\">\u00c9tape par \u00e9tape \u2014 Comment s&#8217;inscrire \u00e0 la carte fid\u00e9lit\u00e9 ?<\/h3>\n<p><span style=\"color: #000000;\"><strong>\u00c9tape 1 \u2014 Obtenez votre carte fid\u00e9lit\u00e9<\/strong><\/span><\/p>\n<p>Deux options s&#8217;offrent \u00e0 vous :<\/p>\n<ul>\n<li><strong>Carte physique<\/strong> : Demandez votre carte gratuitement aupr\u00e8s d&#8217;un membre de notre \u00e9quipe \u00e0 la caisse.<\/li>\n<li><strong>Carte virtuelle<\/strong> : Cr\u00e9ez un compte directement sur notre site pour obtenir votre carte num\u00e9rique, sans avoir \u00e0 vous d\u00e9placer.<\/li>\n<\/ul>\n<p><strong>Bon \u00e0 savoir<\/strong> : Avant de commencer votre inscription, d\u00e9terminez si vous souhaitez une carte physique ou virtuelle, car ce choix influencera les \u00e9tapes \u00e0 suivre pour finaliser votre profil.<\/p>\n<p><strong>\u00c9tape 2 \u2014 Acc\u00e9dez au portail d&#8217;inscription<\/strong><\/p>\n<p>Rendez-vous sur le lien suivant : <a href=\"http:\/\/www.epifannyqc.moncentredefidelite.com\/fr\/login\"><span style=\"color: #3366ff;\"><strong>www.epifannyqc.moncentredefidelite.com\/fr\/login<\/strong><\/span><\/a><\/p>\n<p><strong>\u00c9tape 3 \u2014 Cr\u00e9ez votre compte<\/strong><\/p>\n<p>Renseignez les informations suivantes :<\/p>\n<ul>\n<li>Pr\u00e9nom, nom, adresse courriel et num\u00e9ro de t\u00e9l\u00e9phone<\/li>\n<li>Un mot de passe s\u00e9curis\u00e9 pour prot\u00e9ger votre compte<\/li>\n<li>Votre date d&#8217;anniversaire et vos pr\u00e9f\u00e9rences personnelles<\/li>\n<\/ul>\n<p>\u00a0<\/p>\n<p><strong>Avantage anniversaire<\/strong> : En ajoutant votre date de naissance \u00e0 votre profil, vous recevrez automatiquement un bonus de points le jour de votre anniversaire.<\/p>\n<p><strong>\u00c9tape 4 \u2014 Associez votre carte \u00e0 votre compte<\/strong><\/p>\n<p>Si vous disposez d&#8217;une <strong>carte physique<\/strong>, saisissez le <strong>num\u00e9ro \u00e0 16 chiffres<\/strong> figurant au dos de la carte afin de l&#8217;associer \u00e0 votre profil.<\/p>\n<p>Une fois cette \u00e9tape compl\u00e9t\u00e9e, vous recevrez une <strong>confirmation d&#8217;inscription par courriel<\/strong>.<\/p>\n<p>\u26a0\ufe0f <strong>Important<\/strong> : Pour pouvoir \u00e9changer vos points en succursale, votre profil doit \u00eatre rempli <strong>dans son int\u00e9gralit\u00e9<\/strong>. Les informations sont v\u00e9rifi\u00e9es \u00e0 partir de l&#8217;adresse courriel enregistr\u00e9e lors de l&#8217;inscription.<\/p>\n<p>\u00a0<\/p>\n<h3>G\u00e9rer mon compte \u2014 Comment v\u00e9rifier mon solde de points ?<\/h3>\n<p>Votre solde de points est mis \u00e0 jour <strong>en temps r\u00e9el<\/strong> apr\u00e8s chaque achat. Pensez \u00e0 le consulter avant votre prochaine visite pour savoir si une r\u00e9compense est disponible.<\/p>\n<h5>Trois fa\u00e7ons de v\u00e9rifier votre solde :<\/h5>\n<p><strong>En ligne \u2014 Mon compte<\/strong> Connectez-vous sur <a href=\"http:\/\/datacandy.com\">datacandy.com<\/a>, acc\u00e9dez \u00e0 <strong>\u00ab Mon compte \u00bb<\/strong>, puis \u00e0 l&#8217;onglet <strong>Solde &amp; Transactions<\/strong> pour consulter votre total de points.<\/p>\n<p><strong>Application mobile<\/strong> T\u00e9l\u00e9chargez l&#8217;application <strong>Datacandy<\/strong> (disponible sur iOS et Android). Ouvrez-la et consultez votre tableau de bord pour voir vos points en un coup d&#8217;\u0153il.<\/p>\n<p><strong>Sur votre facture<\/strong>\u00a0Votre solde de points disponibles est <strong>imprim\u00e9 automatiquement<\/strong> au bas de chaque re\u00e7u.<\/p>\t\t\t\t\t\t\t\t<\/div>\n\t\t\t\t\t<\/div>\n\t\t\t\t<\/div>\n\t\t\t\t<\/div>","protected":false},"excerpt":{"rendered":"<p>Votre carte de fid\u00e9lit\u00e9 Datacandy Accumulez des points \u00e0 chaque achat et profitez de r\u00e9compenses exclusives \u00c9tape par \u00e9tape \u2014 Comment s&#8217;inscrire \u00e0 la carte fid\u00e9lit\u00e9 ? \u00c9tape 1 \u2014 Obtenez votre carte fid\u00e9lit\u00e9 Deux options s&#8217;offrent \u00e0 vous : Carte physique : Demandez votre carte gratuitement aupr\u00e8s d&#8217;un membre de notre \u00e9quipe \u00e0 la [&hellip;]<\/p>\n","protected":false},"author":3,"featured_media":0,"parent":0,"menu_order":11,"comment_status":"closed","ping_status":"closed","template":"","meta":{"inline_featured_image":false,"footnotes":""},"class_list":["post-6279","page","type-page","status-publish","hentry"],"yoast_head":"<!-- This site is optimized with the Yoast SEO plugin v27.3 - https:\/\/yoast.com\/product\/yoast-seo-wordpress\/ -->\n<title>Carte de fid\u00e9lit\u00e9 - Boulangerie Epi&#039;Fanny - Boulangerie Epi&#039;fanny<\/title>\n<meta name=\"robots\" content=\"index, follow, max-snippet:-1, max-image-preview:large, max-video-preview:-1\" \/>\n<link rel=\"canonical\" href=\"https:\/\/boulangerieepifanny.com\/en\/carte-de-fidelite-boulangerie-epifanny\/\" \/>\n<meta property=\"og:locale\" content=\"en_US\" \/>\n<meta property=\"og:type\" content=\"article\" \/>\n<meta property=\"og:title\" content=\"Carte de fid\u00e9lit\u00e9 - Boulangerie Epi&#039;Fanny - Boulangerie Epi&#039;fanny\" \/>\n<meta property=\"og:description\" content=\"Votre carte de fid\u00e9lit\u00e9 Datacandy Accumulez des points \u00e0 chaque achat et profitez de r\u00e9compenses exclusives \u00c9tape par \u00e9tape \u2014 Comment s&#8217;inscrire \u00e0 la carte fid\u00e9lit\u00e9 ? \u00c9tape 1 \u2014 Obtenez votre carte fid\u00e9lit\u00e9 Deux options s&#8217;offrent \u00e0 vous : Carte physique : Demandez votre carte gratuitement aupr\u00e8s d&#8217;un membre de notre \u00e9quipe \u00e0 la [&hellip;]\" \/>\n<meta property=\"og:url\" content=\"https:\/\/boulangerieepifanny.com\/en\/carte-de-fidelite-boulangerie-epifanny\/\" \/>\n<meta property=\"og:site_name\" content=\"Boulangerie Epi&#039;fanny\" \/>\n<meta name=\"twitter:card\" content=\"summary_large_image\" \/>\n<meta name=\"twitter:label1\" content=\"Est. reading time\" \/>\n\t<meta name=\"twitter:data1\" content=\"2 minutes\" \/>\n<script type=\"application\/ld+json\" class=\"yoast-schema-graph\">{\"@context\":\"https:\\\/\\\/schema.org\",\"@graph\":[{\"@type\":\"WebPage\",\"@id\":\"https:\\\/\\\/boulangerieepifanny.com\\\/carte-de-fidelite-boulangerie-epifanny\\\/\",\"url\":\"https:\\\/\\\/boulangerieepifanny.com\\\/carte-de-fidelite-boulangerie-epifanny\\\/\",\"name\":\"Carte de fid\u00e9lit\u00e9 - Boulangerie Epi'Fanny - Boulangerie Epi&#039;fanny\",\"isPartOf\":{\"@id\":\"https:\\\/\\\/boulangerieepifanny.com\\\/#website\"},\"datePublished\":\"2026-05-03T21:50:49+00:00\",\"breadcrumb\":{\"@id\":\"https:\\\/\\\/boulangerieepifanny.com\\\/carte-de-fidelite-boulangerie-epifanny\\\/#breadcrumb\"},\"inLanguage\":\"en-CA\",\"potentialAction\":[{\"@type\":\"ReadAction\",\"target\":[\"https:\\\/\\\/boulangerieepifanny.com\\\/carte-de-fidelite-boulangerie-epifanny\\\/\"]}]},{\"@type\":\"BreadcrumbList\",\"@id\":\"https:\\\/\\\/boulangerieepifanny.com\\\/carte-de-fidelite-boulangerie-epifanny\\\/#breadcrumb\",\"itemListElement\":[{\"@type\":\"ListItem\",\"position\":1,\"name\":\"Inicio\",\"item\":\"https:\\\/\\\/boulangerieepifanny.com\\\/\"},{\"@type\":\"ListItem\",\"position\":2,\"name\":\"Carte de fid\u00e9lit\u00e9 &#8211; Boulangerie Epi&#8217;Fanny\"}]},{\"@type\":\"WebSite\",\"@id\":\"https:\\\/\\\/boulangerieepifanny.com\\\/#website\",\"url\":\"https:\\\/\\\/boulangerieepifanny.com\\\/\",\"name\":\"Boulangerie Epi&#039;fanny\",\"description\":\"Boulangerie Viennoiseries P\u00e2tisserie  Sandwicherie Caf\u00e9\",\"publisher\":{\"@id\":\"https:\\\/\\\/boulangerieepifanny.com\\\/#organization\"},\"potentialAction\":[{\"@type\":\"SearchAction\",\"target\":{\"@type\":\"EntryPoint\",\"urlTemplate\":\"https:\\\/\\\/boulangerieepifanny.com\\\/?s={search_term_string}\"},\"query-input\":{\"@type\":\"PropertyValueSpecification\",\"valueRequired\":true,\"valueName\":\"search_term_string\"}}],\"inLanguage\":\"en-CA\"},{\"@type\":\"Organization\",\"@id\":\"https:\\\/\\\/boulangerieepifanny.com\\\/#organization\",\"name\":\"Boulangerie Epi&#039;fanny\",\"url\":\"https:\\\/\\\/boulangerieepifanny.com\\\/\",\"logo\":{\"@type\":\"ImageObject\",\"inLanguage\":\"en-CA\",\"@id\":\"https:\\\/\\\/boulangerieepifanny.com\\\/#\\\/schema\\\/logo\\\/image\\\/\",\"url\":\"https:\\\/\\\/boulangerieepifanny.com\\\/wp-content\\\/uploads\\\/2021\\\/08\\\/cropped-boulangerie-epifanny-mail.png\",\"contentUrl\":\"https:\\\/\\\/boulangerieepifanny.com\\\/wp-content\\\/uploads\\\/2021\\\/08\\\/cropped-boulangerie-epifanny-mail.png\",\"width\":512,\"height\":512,\"caption\":\"Boulangerie Epi&#039;fanny\"},\"image\":{\"@id\":\"https:\\\/\\\/boulangerieepifanny.com\\\/#\\\/schema\\\/logo\\\/image\\\/\"}}]}<\/script>\n<!-- \/ Yoast SEO plugin. -->","yoast_head_json":{"title":"Carte de fid\u00e9lit\u00e9 - Boulangerie Epi'Fanny - Boulangerie Epi&#039;fanny","robots":{"index":"index","follow":"follow","max-snippet":"max-snippet:-1","max-image-preview":"max-image-preview:large","max-video-preview":"max-video-preview:-1"},"canonical":"https:\/\/boulangerieepifanny.com\/en\/carte-de-fidelite-boulangerie-epifanny\/","og_locale":"en_US","og_type":"article","og_title":"Carte de fid\u00e9lit\u00e9 - Boulangerie Epi'Fanny - Boulangerie Epi&#039;fanny","og_description":"Votre carte de fid\u00e9lit\u00e9 Datacandy Accumulez des points \u00e0 chaque achat et profitez de r\u00e9compenses exclusives \u00c9tape par \u00e9tape \u2014 Comment s&#8217;inscrire \u00e0 la carte fid\u00e9lit\u00e9 ? \u00c9tape 1 \u2014 Obtenez votre carte fid\u00e9lit\u00e9 Deux options s&#8217;offrent \u00e0 vous : Carte physique : Demandez votre carte gratuitement aupr\u00e8s d&#8217;un membre de notre \u00e9quipe \u00e0 la [&hellip;]","og_url":"https:\/\/boulangerieepifanny.com\/en\/carte-de-fidelite-boulangerie-epifanny\/","og_site_name":"Boulangerie Epi&#039;fanny","twitter_card":"summary_large_image","twitter_misc":{"Est. reading time":"2 minutes"},"schema":{"@context":"https:\/\/schema.org","@graph":[{"@type":"WebPage","@id":"https:\/\/boulangerieepifanny.com\/carte-de-fidelite-boulangerie-epifanny\/","url":"https:\/\/boulangerieepifanny.com\/carte-de-fidelite-boulangerie-epifanny\/","name":"Carte de fid\u00e9lit\u00e9 - Boulangerie Epi'Fanny - Boulangerie Epi&#039;fanny","isPartOf":{"@id":"https:\/\/boulangerieepifanny.com\/#website"},"datePublished":"2026-05-03T21:50:49+00:00","breadcrumb":{"@id":"https:\/\/boulangerieepifanny.com\/carte-de-fidelite-boulangerie-epifanny\/#breadcrumb"},"inLanguage":"en-CA","potentialAction":[{"@type":"ReadAction","target":["https:\/\/boulangerieepifanny.com\/carte-de-fidelite-boulangerie-epifanny\/"]}]},{"@type":"BreadcrumbList","@id":"https:\/\/boulangerieepifanny.com\/carte-de-fidelite-boulangerie-epifanny\/#breadcrumb","itemListElement":[{"@type":"ListItem","position":1,"name":"Inicio","item":"https:\/\/boulangerieepifanny.com\/"},{"@type":"ListItem","position":2,"name":"Carte de fid\u00e9lit\u00e9 &#8211; Boulangerie Epi&#8217;Fanny"}]},{"@type":"WebSite","@id":"https:\/\/boulangerieepifanny.com\/#website","url":"https:\/\/boulangerieepifanny.com\/","name":"Epi&#039;fanny Bakery","description":"Bakery, Viennese Pastries, Pastry Shop, Sandwich Shop, Cafe","publisher":{"@id":"https:\/\/boulangerieepifanny.com\/#organization"},"potentialAction":[{"@type":"SearchAction","target":{"@type":"EntryPoint","urlTemplate":"https:\/\/boulangerieepifanny.com\/?s={search_term_string}"},"query-input":{"@type":"PropertyValueSpecification","valueRequired":true,"valueName":"search_term_string"}}],"inLanguage":"en-CA"},{"@type":"Organization","@id":"https:\/\/boulangerieepifanny.com\/#organization","name":"Epi&#039;fanny Bakery","url":"https:\/\/boulangerieepifanny.com\/","logo":{"@type":"ImageObject","inLanguage":"en-CA","@id":"https:\/\/boulangerieepifanny.com\/#\/schema\/logo\/image\/","url":"https:\/\/boulangerieepifanny.com\/wp-content\/uploads\/2021\/08\/cropped-boulangerie-epifanny-mail.png","contentUrl":"https:\/\/boulangerieepifanny.com\/wp-content\/uploads\/2021\/08\/cropped-boulangerie-epifanny-mail.png","width":512,"height":512,"caption":"Boulangerie Epi&#039;fanny"},"image":{"@id":"https:\/\/boulangerieepifanny.com\/#\/schema\/logo\/image\/"}}]}},"_links":{"self":[{"href":"https:\/\/boulangerieepifanny.com\/en\/wp-json\/wp\/v2\/pages\/6279","targetHints":{"allow":["GET"]}}],"collection":[{"href":"https:\/\/boulangerieepifanny.com\/en\/wp-json\/wp\/v2\/pages"}],"about":[{"href":"https:\/\/boulangerieepifanny.com\/en\/wp-json\/wp\/v2\/types\/page"}],"author":[{"embeddable":true,"href":"https:\/\/boulangerieepifanny.com\/en\/wp-json\/wp\/v2\/users\/3"}],"replies":[{"embeddable":true,"href":"https:\/\/boulangerieepifanny.com\/en\/wp-json\/wp\/v2\/comments?post=6279"}],"version-history":[{"count":1,"href":"https:\/\/boulangerieepifanny.com\/en\/wp-json\/wp\/v2\/pages\/6279\/revisions"}],"predecessor-version":[{"id":6358,"href":"https:\/\/boulangerieepifanny.com\/en\/wp-json\/wp\/v2\/pages\/6279\/revisions\/6358"}],"wp:attachment":[{"href":"https:\/\/boulangerieepifanny.com\/en\/wp-json\/wp\/v2\/media?parent=6279"}],"curies":[{"name":"wp","href":"https:\/\/api.w.org\/{rel}","templated":true}]}}