{"id":6241,"date":"2026-05-03T17:50:37","date_gmt":"2026-05-03T21:50:37","guid":{"rendered":"https:\/\/boulangerieepifanny.com\/?page_id=6241"},"modified":"2026-05-03T17:50:37","modified_gmt":"2026-05-03T21:50:37","slug":"carte-cadeau-boulangerie-epifanny","status":"publish","type":"page","link":"https:\/\/boulangerieepifanny.com\/en\/carte-cadeau-boulangerie-epifanny\/","title":{"rendered":"Carte cadeau &#8211; Boulangerie Epi&#8217;Fanny"},"content":{"rendered":"<div data-elementor-type=\"wp-page\" data-elementor-id=\"6241\" class=\"elementor elementor-6241\" data-elementor-post-type=\"page\">\n\t\t\t\t<div class=\"elementor-element elementor-element-5ec0df5c e-flex e-con-boxed e-con e-parent\" data-id=\"5ec0df5c\" data-element_type=\"container\" data-e-type=\"container\" data-settings=\"{&quot;background_background&quot;:&quot;classic&quot;}\">\n\t\t\t\t\t<div class=\"e-con-inner\">\n\t\t\t\t<div class=\"elementor-element elementor-element-3037134c elementor-widget elementor-widget-heading\" data-id=\"3037134c\" data-element_type=\"widget\" data-e-type=\"widget\" data-widget_type=\"heading.default\">\n\t\t\t\t\t<h2 class=\"elementor-heading-title elementor-size-default\">Votre carte cadeau Datacandy<\/h2>\t\t\t\t<\/div>\n\t\t<div class=\"elementor-element elementor-element-63302e8 e-con-full e-flex e-con e-child\" data-id=\"63302e8\" data-element_type=\"container\" data-e-type=\"container\">\n\t\t\t\t<div class=\"elementor-element elementor-element-237b86d elementor-widget elementor-widget-text-editor\" data-id=\"237b86d\" data-element_type=\"widget\" data-e-type=\"widget\" data-widget_type=\"text-editor.default\">\n\t\t\t\t\t\t\t\t\t<p><span style=\"color: #ffffff;\">Disponible dans toutes nos succursales, rechargeable \u00e0 tout moment, sans date d&#8217;expiration<\/span><\/p>\t\t\t\t\t\t\t\t<\/div>\n\t\t\t\t<\/div>\n\t\t\t\t\t<\/div>\n\t\t\t\t<\/div>\n\t\t<div class=\"elementor-element elementor-element-8b5b90c e-flex e-con-boxed e-con e-parent\" data-id=\"8b5b90c\" data-element_type=\"container\" data-e-type=\"container\">\n\t\t\t\t\t<div class=\"e-con-inner\">\n\t\t\t\t<div class=\"elementor-element elementor-element-5e399854 elementor-widget elementor-widget-text-editor\" data-id=\"5e399854\" data-element_type=\"widget\" data-e-type=\"widget\" data-widget_type=\"text-editor.default\">\n\t\t\t\t\t\t\t\t\t<h3 class=\"gc-section-title\">Obtenir une carte-cadeau<\/h3>\t\t\t\t\t\t\t\t<\/div>\n\t\t<div class=\"elementor-element elementor-element-23e1c9d e-grid e-con-full e-con e-child\" data-id=\"23e1c9d\" data-element_type=\"container\" data-e-type=\"container\">\n\t\t\t\t<div class=\"elementor-element elementor-element-42beef4 elementor-widget elementor-widget-text-editor\" data-id=\"42beef4\" data-element_type=\"widget\" data-e-type=\"widget\" data-widget_type=\"text-editor.default\">\n\t\t\t\t\t\t\t\t\t<p class=\"gc-card-label\"><strong><span style=\"color: #3366ff;\">O\u00f9 l&#8217;obtenir<\/span><\/strong><\/p><h3 class=\"gc-card-label\">En succursale<\/h3><p>Achetez ou recevez une carte dans n&#8217;importe laquelle de nos succursales.<\/p>\t\t\t\t\t\t\t\t<\/div>\n\t\t\t\t<div class=\"elementor-element elementor-element-bc69574 elementor-widget elementor-widget-text-editor\" data-id=\"bc69574\" data-element_type=\"widget\" data-e-type=\"widget\" data-widget_type=\"text-editor.default\">\n\t\t\t\t\t\t\t\t\t<p class=\"gc-card-label\"><strong><span style=\"color: #3366ff;\">Montant minimum<\/span><\/strong><\/p><h3>25 $<\/h3><p>Le rechargement minimum accept\u00e9 est de 25 $.<\/p>\t\t\t\t\t\t\t\t<\/div>\n\t\t\t\t<div class=\"elementor-element elementor-element-9d750ff elementor-widget elementor-widget-text-editor\" data-id=\"9d750ff\" data-element_type=\"widget\" data-e-type=\"widget\" data-widget_type=\"text-editor.default\">\n\t\t\t\t\t\t\t\t\t<p class=\"gc-card-label\"><span style=\"color: #3366ff;\"><strong>Montant maximum<\/strong><\/span><\/p><h3>200 $<\/h3><p>Le rechargement maximum autoris\u00e9 est de 200 $ par transaction.<\/p>\t\t\t\t\t\t\t\t<\/div>\n\t\t\t\t<\/div>\n\t\t\t\t\t<\/div>\n\t\t\t\t<\/div>\n\t\t<div class=\"elementor-element elementor-element-7f90c32 e-flex e-con-boxed e-con e-parent\" data-id=\"7f90c32\" data-element_type=\"container\" data-e-type=\"container\">\n\t\t\t\t\t<div class=\"e-con-inner\">\n\t\t\t\t<div class=\"elementor-element elementor-element-2d4d100 elementor-widget elementor-widget-text-editor\" data-id=\"2d4d100\" data-element_type=\"widget\" data-e-type=\"widget\" data-widget_type=\"text-editor.default\">\n\t\t\t\t\t\t\t\t\t<h3>Comment utiliser votre carte en magasin<\/h3><ul><li><strong>Pr\u00e9sentez votre carte au moment du paiement<\/strong><\/li><\/ul><p>Remettez votre carte-cadeau physique au caissier. Le montant de votre achat est d\u00e9duit automatiquement du solde disponible.<\/p><ul><li><strong>Compl\u00e9tez la diff\u00e9rence si n\u00e9cessaire<\/strong><\/li><\/ul><p>Si votre achat d\u00e9passe le solde restant, vous pouvez r\u00e9gler la diff\u00e9rence avec un autre mode de paiement.<\/p><ul><li><strong>Rechargez votre carte \u00e0 tout moment<\/strong><\/li><\/ul><p>Vous pouvez recharger votre carte en magasin ou en ligne. Elle n&#8217;a aucune date d&#8217;expiration \u2014 votre solde est conserv\u00e9 ind\u00e9finiment.<\/p><p>\u00a0<\/p><h3>S\u00e9curit\u00e9 de votre carte<\/h3><p>Votre carte est prot\u00e9g\u00e9e par un code PIN unique. En cas de perte ou de vol, contactez notre service client en fournissant votre num\u00e9ro de carte.<\/p><p>Votre solde sera s\u00e9curis\u00e9 et transf\u00e9r\u00e9 sur une nouvelle carte sans d\u00e9lai.<\/p><p><strong>\u00c0 noter :<\/strong> le solde est associ\u00e9 au num\u00e9ro de la carte, et non \u00e0 un compte personnel. Conservez votre carte et son code PIN en lieu s\u00fbr.<\/p>\t\t\t\t\t\t\t\t<\/div>\n\t\t\t\t\t<\/div>\n\t\t\t\t<\/div>\n\t\t<div class=\"elementor-element elementor-element-7d11eea e-flex e-con-boxed e-con e-parent\" data-id=\"7d11eea\" data-element_type=\"container\" data-e-type=\"container\">\n\t\t\t\t\t<div class=\"e-con-inner\">\n\t\t<div class=\"elementor-element elementor-element-5c4e927 e-con-full e-flex e-con e-child\" data-id=\"5c4e927\" data-element_type=\"container\" data-e-type=\"container\">\n\t\t\t\t<div class=\"elementor-element elementor-element-7e0e9bf elementor-widget elementor-widget-text-editor\" data-id=\"7e0e9bf\" data-element_type=\"widget\" data-e-type=\"widget\" data-widget_type=\"text-editor.default\">\n\t\t\t\t\t\t\t\t\t<h3 class=\"gc-section-title\">V\u00e9rifier votre solde<\/h3>\t\t\t\t\t\t\t\t<\/div>\n\t\t<div class=\"elementor-element elementor-element-e8890de e-grid e-con-full e-con e-child\" data-id=\"e8890de\" data-element_type=\"container\" data-e-type=\"container\">\n\t\t\t\t<div class=\"elementor-element elementor-element-6cb8777 elementor-widget elementor-widget-text-editor\" data-id=\"6cb8777\" data-element_type=\"widget\" data-e-type=\"widget\" data-widget_type=\"text-editor.default\">\n\t\t\t\t\t\t\t\t\t<p><strong><span style=\"color: #3366ff;\">En ligne<\/span><\/strong><\/p><p>Rendez-vous sur <strong><span style=\"color: #3366ff;\"><a style=\"color: #3366ff;\" href=\"https:\/\/epifannyqc.verifiervotresolde.com\/fr\/login\">datacandy.com<\/a><\/span><\/strong>, cliquez sur\u00a0 (V\u00e9rifier le solde)\u00a0et entrez votre num\u00e9ro de carte et votre code PIN.<\/p>\t\t\t\t\t\t\t\t<\/div>\n\t\t\t\t<div class=\"elementor-element elementor-element-51ae47d elementor-widget elementor-widget-text-editor\" data-id=\"51ae47d\" data-element_type=\"widget\" data-e-type=\"widget\" data-widget_type=\"text-editor.default\">\n\t\t\t\t\t\t\t\t\t<p><strong><span style=\"color: #3366ff;\">Application<\/span><\/strong><\/p><p>Dans l&#8217;application Datacandy, s\u00e9lectionnez (Carte-cadeau) et entrez votre num\u00e9ro de carte.<\/p>\t\t\t\t\t\t\t\t<\/div>\n\t\t\t\t<div class=\"elementor-element elementor-element-2fa1ee4 elementor-widget elementor-widget-text-editor\" data-id=\"2fa1ee4\" data-element_type=\"widget\" data-e-type=\"widget\" data-widget_type=\"text-editor.default\">\n\t\t\t\t\t\t\t\t\t<p><span style=\"color: #3366ff;\"><strong>En magasin<\/strong><\/span><\/p><p>Pr\u00e9sentez votre carte \u00e0 la caisse \u2014 un membre de l&#8217;\u00e9quipe consulte votre solde instantan\u00e9ment.<\/p><p>\u00a0<\/p>\t\t\t\t\t\t\t\t<\/div>\n\t\t\t\t<div class=\"elementor-element elementor-element-f0c7d57 elementor-widget elementor-widget-text-editor\" data-id=\"f0c7d57\" data-element_type=\"widget\" data-e-type=\"widget\" data-widget_type=\"text-editor.default\">\n\t\t\t\t\t\t\t\t\t<p><span style=\"color: #3366ff;\"><strong>Sur votre re\u00e7u<\/strong><\/span><\/p><p>Apr\u00e8s chaque achat, le solde restant est imprim\u00e9 directement sur votre re\u00e7u.<\/p>\t\t\t\t\t\t\t\t<\/div>\n\t\t\t\t<\/div>\n\t\t\t\t<\/div>\n\t\t\t\t\t<\/div>\n\t\t\t\t<\/div>\n\t\t\t\t<\/div>","protected":false},"excerpt":{"rendered":"<p>Votre carte cadeau Datacandy Disponible dans toutes nos succursales, rechargeable \u00e0 tout moment, sans date d&#8217;expiration Obtenir une carte-cadeau O\u00f9 l&#8217;obtenir En succursale Achetez ou recevez une carte dans n&#8217;importe laquelle de nos succursales. Montant minimum 25 $ Le rechargement minimum accept\u00e9 est de 25 $. Montant maximum 200 $ Le rechargement maximum autoris\u00e9 est [&hellip;]<\/p>\n","protected":false},"author":3,"featured_media":0,"parent":0,"menu_order":11,"comment_status":"closed","ping_status":"closed","template":"","meta":{"inline_featured_image":false,"footnotes":""},"class_list":["post-6241","page","type-page","status-publish","hentry"],"yoast_head":"<!-- This site is optimized with the Yoast SEO plugin v27.3 - https:\/\/yoast.com\/product\/yoast-seo-wordpress\/ -->\n<title>Carte cadeau - Boulangerie Epi&#039;Fanny - Boulangerie Epi&#039;fanny<\/title>\n<meta name=\"robots\" content=\"index, follow, max-snippet:-1, max-image-preview:large, max-video-preview:-1\" \/>\n<link rel=\"canonical\" href=\"https:\/\/boulangerieepifanny.com\/en\/carte-cadeau-boulangerie-epifanny\/\" \/>\n<meta property=\"og:locale\" content=\"en_US\" \/>\n<meta property=\"og:type\" content=\"article\" \/>\n<meta property=\"og:title\" content=\"Carte cadeau - Boulangerie Epi&#039;Fanny - Boulangerie Epi&#039;fanny\" \/>\n<meta property=\"og:description\" content=\"Votre carte cadeau Datacandy Disponible dans toutes nos succursales, rechargeable \u00e0 tout moment, sans date d&#8217;expiration Obtenir une carte-cadeau O\u00f9 l&#8217;obtenir En succursale Achetez ou recevez une carte dans n&#8217;importe laquelle de nos succursales. Montant minimum 25 $ Le rechargement minimum accept\u00e9 est de 25 $. Montant maximum 200 $ Le rechargement maximum autoris\u00e9 est [&hellip;]\" \/>\n<meta property=\"og:url\" content=\"https:\/\/boulangerieepifanny.com\/en\/carte-cadeau-boulangerie-epifanny\/\" \/>\n<meta property=\"og:site_name\" content=\"Boulangerie Epi&#039;fanny\" \/>\n<meta name=\"twitter:card\" content=\"summary_large_image\" \/>\n<meta name=\"twitter:label1\" content=\"Est. reading time\" \/>\n\t<meta name=\"twitter:data1\" content=\"2 minutes\" \/>\n<script type=\"application\/ld+json\" class=\"yoast-schema-graph\">{\"@context\":\"https:\\\/\\\/schema.org\",\"@graph\":[{\"@type\":\"WebPage\",\"@id\":\"https:\\\/\\\/boulangerieepifanny.com\\\/carte-cadeau-boulangerie-epifanny\\\/\",\"url\":\"https:\\\/\\\/boulangerieepifanny.com\\\/carte-cadeau-boulangerie-epifanny\\\/\",\"name\":\"Carte cadeau - Boulangerie Epi'Fanny - Boulangerie Epi&#039;fanny\",\"isPartOf\":{\"@id\":\"https:\\\/\\\/boulangerieepifanny.com\\\/#website\"},\"datePublished\":\"2026-05-03T21:50:37+00:00\",\"breadcrumb\":{\"@id\":\"https:\\\/\\\/boulangerieepifanny.com\\\/carte-cadeau-boulangerie-epifanny\\\/#breadcrumb\"},\"inLanguage\":\"en-CA\",\"potentialAction\":[{\"@type\":\"ReadAction\",\"target\":[\"https:\\\/\\\/boulangerieepifanny.com\\\/carte-cadeau-boulangerie-epifanny\\\/\"]}]},{\"@type\":\"BreadcrumbList\",\"@id\":\"https:\\\/\\\/boulangerieepifanny.com\\\/carte-cadeau-boulangerie-epifanny\\\/#breadcrumb\",\"itemListElement\":[{\"@type\":\"ListItem\",\"position\":1,\"name\":\"Inicio\",\"item\":\"https:\\\/\\\/boulangerieepifanny.com\\\/\"},{\"@type\":\"ListItem\",\"position\":2,\"name\":\"Carte cadeau &#8211; Boulangerie Epi&#8217;Fanny\"}]},{\"@type\":\"WebSite\",\"@id\":\"https:\\\/\\\/boulangerieepifanny.com\\\/#website\",\"url\":\"https:\\\/\\\/boulangerieepifanny.com\\\/\",\"name\":\"Boulangerie Epi&#039;fanny\",\"description\":\"Boulangerie Viennoiseries P\u00e2tisserie  Sandwicherie Caf\u00e9\",\"publisher\":{\"@id\":\"https:\\\/\\\/boulangerieepifanny.com\\\/#organization\"},\"potentialAction\":[{\"@type\":\"SearchAction\",\"target\":{\"@type\":\"EntryPoint\",\"urlTemplate\":\"https:\\\/\\\/boulangerieepifanny.com\\\/?s={search_term_string}\"},\"query-input\":{\"@type\":\"PropertyValueSpecification\",\"valueRequired\":true,\"valueName\":\"search_term_string\"}}],\"inLanguage\":\"en-CA\"},{\"@type\":\"Organization\",\"@id\":\"https:\\\/\\\/boulangerieepifanny.com\\\/#organization\",\"name\":\"Boulangerie Epi&#039;fanny\",\"url\":\"https:\\\/\\\/boulangerieepifanny.com\\\/\",\"logo\":{\"@type\":\"ImageObject\",\"inLanguage\":\"en-CA\",\"@id\":\"https:\\\/\\\/boulangerieepifanny.com\\\/#\\\/schema\\\/logo\\\/image\\\/\",\"url\":\"https:\\\/\\\/boulangerieepifanny.com\\\/wp-content\\\/uploads\\\/2021\\\/08\\\/cropped-boulangerie-epifanny-mail.png\",\"contentUrl\":\"https:\\\/\\\/boulangerieepifanny.com\\\/wp-content\\\/uploads\\\/2021\\\/08\\\/cropped-boulangerie-epifanny-mail.png\",\"width\":512,\"height\":512,\"caption\":\"Boulangerie Epi&#039;fanny\"},\"image\":{\"@id\":\"https:\\\/\\\/boulangerieepifanny.com\\\/#\\\/schema\\\/logo\\\/image\\\/\"}}]}<\/script>\n<!-- \/ Yoast SEO plugin. -->","yoast_head_json":{"title":"Carte cadeau - Boulangerie Epi'Fanny - Boulangerie Epi&#039;fanny","robots":{"index":"index","follow":"follow","max-snippet":"max-snippet:-1","max-image-preview":"max-image-preview:large","max-video-preview":"max-video-preview:-1"},"canonical":"https:\/\/boulangerieepifanny.com\/en\/carte-cadeau-boulangerie-epifanny\/","og_locale":"en_US","og_type":"article","og_title":"Carte cadeau - Boulangerie Epi'Fanny - Boulangerie Epi&#039;fanny","og_description":"Votre carte cadeau Datacandy Disponible dans toutes nos succursales, rechargeable \u00e0 tout moment, sans date d&#8217;expiration Obtenir une carte-cadeau O\u00f9 l&#8217;obtenir En succursale Achetez ou recevez une carte dans n&#8217;importe laquelle de nos succursales. Montant minimum 25 $ Le rechargement minimum accept\u00e9 est de 25 $. Montant maximum 200 $ Le rechargement maximum autoris\u00e9 est [&hellip;]","og_url":"https:\/\/boulangerieepifanny.com\/en\/carte-cadeau-boulangerie-epifanny\/","og_site_name":"Boulangerie Epi&#039;fanny","twitter_card":"summary_large_image","twitter_misc":{"Est. reading time":"2 minutes"},"schema":{"@context":"https:\/\/schema.org","@graph":[{"@type":"WebPage","@id":"https:\/\/boulangerieepifanny.com\/carte-cadeau-boulangerie-epifanny\/","url":"https:\/\/boulangerieepifanny.com\/carte-cadeau-boulangerie-epifanny\/","name":"Carte cadeau - Boulangerie Epi'Fanny - Boulangerie Epi&#039;fanny","isPartOf":{"@id":"https:\/\/boulangerieepifanny.com\/#website"},"datePublished":"2026-05-03T21:50:37+00:00","breadcrumb":{"@id":"https:\/\/boulangerieepifanny.com\/carte-cadeau-boulangerie-epifanny\/#breadcrumb"},"inLanguage":"en-CA","potentialAction":[{"@type":"ReadAction","target":["https:\/\/boulangerieepifanny.com\/carte-cadeau-boulangerie-epifanny\/"]}]},{"@type":"BreadcrumbList","@id":"https:\/\/boulangerieepifanny.com\/carte-cadeau-boulangerie-epifanny\/#breadcrumb","itemListElement":[{"@type":"ListItem","position":1,"name":"Inicio","item":"https:\/\/boulangerieepifanny.com\/"},{"@type":"ListItem","position":2,"name":"Carte cadeau &#8211; Boulangerie Epi&#8217;Fanny"}]},{"@type":"WebSite","@id":"https:\/\/boulangerieepifanny.com\/#website","url":"https:\/\/boulangerieepifanny.com\/","name":"Epi&#039;fanny Bakery","description":"Bakery, Viennese Pastries, Pastry Shop, Sandwich Shop, Cafe","publisher":{"@id":"https:\/\/boulangerieepifanny.com\/#organization"},"potentialAction":[{"@type":"SearchAction","target":{"@type":"EntryPoint","urlTemplate":"https:\/\/boulangerieepifanny.com\/?s={search_term_string}"},"query-input":{"@type":"PropertyValueSpecification","valueRequired":true,"valueName":"search_term_string"}}],"inLanguage":"en-CA"},{"@type":"Organization","@id":"https:\/\/boulangerieepifanny.com\/#organization","name":"Epi&#039;fanny Bakery","url":"https:\/\/boulangerieepifanny.com\/","logo":{"@type":"ImageObject","inLanguage":"en-CA","@id":"https:\/\/boulangerieepifanny.com\/#\/schema\/logo\/image\/","url":"https:\/\/boulangerieepifanny.com\/wp-content\/uploads\/2021\/08\/cropped-boulangerie-epifanny-mail.png","contentUrl":"https:\/\/boulangerieepifanny.com\/wp-content\/uploads\/2021\/08\/cropped-boulangerie-epifanny-mail.png","width":512,"height":512,"caption":"Boulangerie Epi&#039;fanny"},"image":{"@id":"https:\/\/boulangerieepifanny.com\/#\/schema\/logo\/image\/"}}]}},"_links":{"self":[{"href":"https:\/\/boulangerieepifanny.com\/en\/wp-json\/wp\/v2\/pages\/6241","targetHints":{"allow":["GET"]}}],"collection":[{"href":"https:\/\/boulangerieepifanny.com\/en\/wp-json\/wp\/v2\/pages"}],"about":[{"href":"https:\/\/boulangerieepifanny.com\/en\/wp-json\/wp\/v2\/types\/page"}],"author":[{"embeddable":true,"href":"https:\/\/boulangerieepifanny.com\/en\/wp-json\/wp\/v2\/users\/3"}],"replies":[{"embeddable":true,"href":"https:\/\/boulangerieepifanny.com\/en\/wp-json\/wp\/v2\/comments?post=6241"}],"version-history":[{"count":92,"href":"https:\/\/boulangerieepifanny.com\/en\/wp-json\/wp\/v2\/pages\/6241\/revisions"}],"predecessor-version":[{"id":6338,"href":"https:\/\/boulangerieepifanny.com\/en\/wp-json\/wp\/v2\/pages\/6241\/revisions\/6338"}],"wp:attachment":[{"href":"https:\/\/boulangerieepifanny.com\/en\/wp-json\/wp\/v2\/media?parent=6241"}],"curies":[{"name":"wp","href":"https:\/\/api.w.org\/{rel}","templated":true}]}}