{"id":5869,"date":"2026-04-22T21:38:49","date_gmt":"2026-04-23T01:38:49","guid":{"rendered":"https:\/\/boulangerieepifanny.com\/?page_id=5869"},"modified":"2026-04-22T21:43:21","modified_gmt":"2026-04-23T01:43:21","slug":"carrieres","status":"publish","type":"page","link":"https:\/\/boulangerieepifanny.com\/en\/carrieres\/","title":{"rendered":"Carri\u00e8res"},"content":{"rendered":"\t\t<div data-elementor-type=\"wp-page\" data-elementor-id=\"5869\" class=\"elementor elementor-5869\" data-elementor-post-type=\"page\">\n\t\t\t\t<div class=\"elementor-element elementor-element-5374c2c8 e-con-full e-flex e-con e-parent\" data-id=\"5374c2c8\" data-element_type=\"container\" data-e-type=\"container\" data-settings=\"{&quot;background_background&quot;:&quot;classic&quot;}\">\n\t\t\t\t<div class=\"elementor-element elementor-element-717cf240 elementor-widget elementor-widget-heading\" data-id=\"717cf240\" data-element_type=\"widget\" data-e-type=\"widget\" data-widget_type=\"heading.default\">\n\t\t\t\t\t<h2 class=\"elementor-heading-title elementor-size-default\">Rejoins la fourn\u00e9e Epi\u2019Fanny<\/h2>\t\t\t\t<\/div>\n\t\t\t\t<div class=\"elementor-element elementor-element-78a11725 elementor-widget elementor-widget-text-editor\" data-id=\"78a11725\" data-element_type=\"widget\" data-e-type=\"widget\" data-widget_type=\"text-editor.default\">\n\t\t\t\t\t\t\t\t\t<p>On a du pain sur la planche\u2026 viens nous aider !<\/p>\t\t\t\t\t\t\t\t<\/div>\n\t\t<div class=\"elementor-element elementor-element-4fde993 e-con-full e-flex e-con e-child\" data-id=\"4fde993\" data-element_type=\"container\" data-e-type=\"container\" data-settings=\"{&quot;position&quot;:&quot;absolute&quot;}\">\n\t\t\t\t<div class=\"elementor-element elementor-element-7f75a00d elementor-widget__width-inherit elementor-widget elementor-widget-image\" data-id=\"7f75a00d\" data-element_type=\"widget\" data-e-type=\"widget\" data-widget_type=\"image.default\">\n\t\t\t\t\t\t\t\t\t\t\t\t\t\t\t<img decoding=\"async\" width=\"60\" height=\"60\" src=\"https:\/\/boulangerieepifanny.com\/wp-content\/uploads\/2025\/02\/svgviewer-png-output.png\" class=\"attachment-large size-large wp-image-3311\" alt=\"\" srcset=\"https:\/\/boulangerieepifanny.com\/wp-content\/uploads\/2025\/02\/svgviewer-png-output.png 60w, https:\/\/boulangerieepifanny.com\/wp-content\/uploads\/2025\/02\/svgviewer-png-output-12x12.png 12w\" sizes=\"(max-width: 60px) 100vw, 60px\" \/>\t\t\t\t\t\t\t\t\t\t\t\t\t\t\t<\/div>\n\t\t\t\t<\/div>\n\t\t\t\t<\/div>\n\t\t<div class=\"elementor-element elementor-element-8816e2b e-flex e-con-boxed e-con e-parent\" data-id=\"8816e2b\" data-element_type=\"container\" data-e-type=\"container\">\n\t\t\t\t\t<div class=\"e-con-inner\">\n\t\t\t\t<div class=\"elementor-element elementor-element-39c140aa elementor-widget elementor-widget-heading\" data-id=\"39c140aa\" data-element_type=\"widget\" data-e-type=\"widget\" data-widget_type=\"heading.default\">\n\t\t\t\t\t<h2 class=\"elementor-heading-title elementor-size-default\">Chaque r\u00f4le compte <\/h2>\t\t\t\t<\/div>\n\t\t\t\t\t<\/div>\n\t\t\t\t<\/div>\n\t\t<div class=\"elementor-element elementor-element-ccc4440 e-flex e-con-boxed e-con e-parent\" data-id=\"ccc4440\" data-element_type=\"container\" data-e-type=\"container\">\n\t\t\t\t\t<div class=\"e-con-inner\">\n\t\t\t\t<div class=\"elementor-element elementor-element-c9b849a elementor-widget elementor-widget-heading\" data-id=\"c9b849a\" data-element_type=\"widget\" data-e-type=\"widget\" data-widget_type=\"heading.default\">\n\t\t\t\t\t<h2 class=\"elementor-heading-title elementor-size-default\">Artisans, vendeurs et gestionnaires, \u00e9crivons ensemble notre histoire !<\/h2>\t\t\t\t<\/div>\n\t\t\t\t\t<\/div>\n\t\t\t\t<\/div>\n\t\t<div class=\"elementor-element elementor-element-7838bd20 e-grid e-con-boxed e-con e-parent\" data-id=\"7838bd20\" data-element_type=\"container\" data-e-type=\"container\">\n\t\t\t\t\t<div class=\"e-con-inner\">\n\t\t\t\t<div class=\"elementor-element elementor-element-1677b8fe elementor-cta--layout-image-above elementor-cta--valign-top elementor-cta--skin-classic elementor-animated-content elementor-bg-transform elementor-bg-transform-zoom-in elementor-widget elementor-widget-call-to-action\" data-id=\"1677b8fe\" data-element_type=\"widget\" data-e-type=\"widget\" data-widget_type=\"call-to-action.default\">\n\t\t\t\t\t\t\t<div class=\"elementor-cta\">\n\t\t\t\t\t<div class=\"elementor-cta__bg-wrapper\">\n\t\t\t\t<div class=\"elementor-cta__bg elementor-bg\" style=\"background-image: url(https:\/\/boulangerieepifanny.com\/wp-content\/uploads\/2026\/04\/BOULANGER_BOULANGERIE_EPIFANNY.jpg);\" role=\"img\" aria-label=\"BOULANGER_BOULANGERIE_EPIFANNY\"><\/div>\n\t\t\t\t<div class=\"elementor-cta__bg-overlay\"><\/div>\n\t\t\t<\/div>\n\t\t\t\t\t\t\t<div class=\"elementor-cta__content\">\n\t\t\t\t\n\t\t\t\t\t\t\t\t\t<h1 class=\"elementor-cta__title elementor-cta__content-item elementor-content-item\">\n\t\t\t\t\t\t\u00c9QUIPE DE PRODUCTION\t\t\t\t\t<\/h1>\n\t\t\t\t\n\t\t\t\t\t\t\t\t\t<div class=\"elementor-cta__description elementor-cta__content-item elementor-content-item\">\n\t\t\t\t\t\tFarine, passion, cr\u00e9ation : \u00e7a te parle ? Viens mettre ton talent en action et grandir avec nous.\nPostule \u00e0 un poste en production.\n\t\t\t\t\t<\/div>\n\t\t\t\t\n\t\t\t\t\t\t\t<\/div>\n\t\t\t\t\t\t<\/div>\n\t\t\t\t\t\t<\/div>\n\t\t\t\t<div class=\"elementor-element elementor-element-53b35dfc elementor-cta--layout-image-above elementor-cta--skin-classic elementor-animated-content elementor-bg-transform elementor-bg-transform-zoom-in elementor-widget elementor-widget-call-to-action\" data-id=\"53b35dfc\" data-element_type=\"widget\" data-e-type=\"widget\" data-widget_type=\"call-to-action.default\">\n\t\t\t\t\t\t\t<div class=\"elementor-cta\">\n\t\t\t\t\t<div class=\"elementor-cta__bg-wrapper\">\n\t\t\t\t<div class=\"elementor-cta__bg elementor-bg\" style=\"background-image: url(https:\/\/boulangerieepifanny.com\/wp-content\/uploads\/2026\/04\/barista_boulangerie_epifanny.jpg);\" role=\"img\" aria-label=\"barista_boulangerie_epifanny\"><\/div>\n\t\t\t\t<div class=\"elementor-cta__bg-overlay\"><\/div>\n\t\t\t<\/div>\n\t\t\t\t\t\t\t<div class=\"elementor-cta__content\">\n\t\t\t\t\n\t\t\t\t\t\t\t\t\t<h1 class=\"elementor-cta__title elementor-cta__content-item elementor-content-item\">\n\t\t\t\t\t\t\u00c9QUIPE DE VENTES\t\t\t\t\t<\/h1>\n\t\t\t\t\n\t\t\t\t\t\t\t\t\t<div class=\"elementor-cta__description elementor-cta__content-item elementor-content-item\">\n\t\t\t\t\t\tOn cherche des humains formidables \u2014 le reste, on te l\u2019apprend ! Et si tu ma\u00eetrises l\u2019art du caf\u00e9, c\u2019est la cerise sur le sundae.\nPostule comme commis barista au service \u00e0 la client\u00e8le.\n\t\t\t\t\t<\/div>\n\t\t\t\t\n\t\t\t\t\t\t\t<\/div>\n\t\t\t\t\t\t<\/div>\n\t\t\t\t\t\t<\/div>\n\t\t\t\t<div class=\"elementor-element elementor-element-22a87548 elementor-cta--layout-image-above elementor-cta--valign-top elementor-cta--skin-classic elementor-animated-content elementor-bg-transform elementor-bg-transform-zoom-in elementor-widget elementor-widget-call-to-action\" data-id=\"22a87548\" data-element_type=\"widget\" data-e-type=\"widget\" data-widget_type=\"call-to-action.default\">\n\t\t\t\t\t\t\t<div class=\"elementor-cta\">\n\t\t\t\t\t<div class=\"elementor-cta__bg-wrapper\">\n\t\t\t\t<div class=\"elementor-cta__bg elementor-bg\" style=\"background-image: url(https:\/\/boulangerieepifanny.com\/wp-content\/uploads\/2026\/04\/logistique_boulangerie_epifanny.jpg);\" role=\"img\" aria-label=\"logistique_boulangerie_epifanny\"><\/div>\n\t\t\t\t<div class=\"elementor-cta__bg-overlay\"><\/div>\n\t\t\t<\/div>\n\t\t\t\t\t\t\t<div class=\"elementor-cta__content\">\n\t\t\t\t\n\t\t\t\t\t\t\t\t\t<h1 class=\"elementor-cta__title elementor-cta__content-item elementor-content-item\">\n\t\t\t\t\t\t\u00c9QUIPE DE LOGISTIQUE\t\t\t\t\t<\/h1>\n\t\t\t\t\n\t\t\t\t\t\t\t\t\t<div class=\"elementor-cta__description elementor-cta__content-item elementor-content-item\">\n\t\t\t\t\t\tAide-nous \u00e0 livrer la magie Epi\u2019Fanny, un trajet \u00e0 la fois.\nPostule \u00e0 un poste en logistique.\t\t\t\t\t<\/div>\n\t\t\t\t\n\t\t\t\t\t\t\t<\/div>\n\t\t\t\t\t\t<\/div>\n\t\t\t\t\t\t<\/div>\n\t\t\t\t\t<\/div>\n\t\t\t\t<\/div>\n\t\t<div class=\"elementor-element elementor-element-4b3f2ac e-flex e-con-boxed e-con e-parent\" data-id=\"4b3f2ac\" data-element_type=\"container\" data-e-type=\"container\">\n\t\t\t\t\t<div class=\"e-con-inner\">\n\t\t<div class=\"elementor-element elementor-element-33d57dd e-con-full e-flex e-con e-child\" data-id=\"33d57dd\" data-element_type=\"container\" data-e-type=\"container\">\n\t\t\t\t<div class=\"elementor-element elementor-element-6717c1f elementor-widget elementor-widget-heading\" data-id=\"6717c1f\" data-element_type=\"widget\" data-e-type=\"widget\" data-widget_type=\"heading.default\">\n\t\t\t\t\t<h2 class=\"elementor-heading-title elementor-size-default\">Postulez<\/h2>\t\t\t\t<\/div>\n\t\t\t\t<\/div>\n\t\t<div class=\"elementor-element elementor-element-0bb4d69 e-con-full e-flex e-con e-child\" data-id=\"0bb4d69\" data-element_type=\"container\" data-e-type=\"container\">\n\t\t\t\t<div class=\"elementor-element elementor-element-4c67f82 elementor-button-align-stretch elementor-widget elementor-widget-form\" data-id=\"4c67f82\" data-element_type=\"widget\" data-e-type=\"widget\" data-settings=\"{&quot;step_next_label&quot;:&quot;Next&quot;,&quot;step_previous_label&quot;:&quot;Previous&quot;,&quot;step_type&quot;:&quot;number_text&quot;,&quot;step_icon_shape&quot;:&quot;circle&quot;}\" data-widget_type=\"form.default\">\n\t\t\t\t\t\t\t<form class=\"elementor-form\" method=\"post\" name=\"New Form\" aria-label=\"New Form\">\n\t\t\t<input type=\"hidden\" name=\"post_id\" value=\"5869\"\/>\n\t\t\t<input type=\"hidden\" name=\"form_id\" value=\"4c67f82\"\/>\n\t\t\t<input type=\"hidden\" name=\"referer_title\" value=\"Boulangerie Epi&#039;fanny\" \/>\n\n\t\t\t\n\t\t\t<div class=\"elementor-form-fields-wrapper elementor-labels-above\">\n\t\t\t\t\t\t\t\t<div class=\"elementor-field-type-text elementor-field-group elementor-column elementor-field-group-name elementor-col-100 elementor-field-required\">\n\t\t\t\t\t\t\t\t\t\t\t\t\t<input size=\"1\" type=\"text\" name=\"form_fields[name]\" id=\"form-field-name\" class=\"elementor-field elementor-size-sm  elementor-field-textual\" placeholder=\"Nom\" required=\"required\">\n\t\t\t\t\t\t\t\t\t\t\t<\/div>\n\t\t\t\t\t\t\t\t<div class=\"elementor-field-type-email elementor-field-group elementor-column elementor-field-group-email elementor-col-100 elementor-field-required\">\n\t\t\t\t\t\t\t\t\t\t\t\t\t<input size=\"1\" type=\"email\" name=\"form_fields[email]\" id=\"form-field-email\" class=\"elementor-field elementor-size-sm  elementor-field-textual\" placeholder=\"Mail\" required=\"required\">\n\t\t\t\t\t\t\t\t\t\t\t<\/div>\n\t\t\t\t\t\t\t\t<div class=\"elementor-field-type-text elementor-field-group elementor-column elementor-field-group-field_e777d7f elementor-col-100 elementor-field-required\">\n\t\t\t\t\t\t\t\t\t\t\t\t\t<input size=\"1\" type=\"text\" name=\"form_fields[field_e777d7f]\" id=\"form-field-field_e777d7f\" class=\"elementor-field elementor-size-sm  elementor-field-textual\" placeholder=\"T\u00e9l\u00e9phone\" required=\"required\">\n\t\t\t\t\t\t\t\t\t\t\t<\/div>\n\t\t\t\t\t\t\t\t<div class=\"elementor-field-type-textarea elementor-field-group elementor-column elementor-field-group-message elementor-col-100\">\n\t\t\t\t\t<textarea class=\"elementor-field-textual elementor-field  elementor-size-sm\" name=\"form_fields[message]\" id=\"form-field-message\" rows=\"4\" placeholder=\"Message\"><\/textarea>\t\t\t\t<\/div>\n\t\t\t\t\t\t\t\t<div class=\"elementor-field-type-select elementor-field-group elementor-column elementor-field-group-field_a98a833 elementor-col-100 elementor-field-required\">\n\t\t\t\t\t\t\t<div class=\"elementor-field elementor-select-wrapper remove-before \">\n\t\t\t<div class=\"select-caret-down-wrapper\">\n\t\t\t\t<svg aria-hidden=\"true\" class=\"e-font-icon-svg e-eicon-caret-down\" viewBox=\"0 0 571.4 571.4\" xmlns=\"http:\/\/www.w3.org\/2000\/svg\"><path d=\"M571 393Q571 407 561 418L311 668Q300 679 286 679T261 668L11 418Q0 407 0 393T11 368 36 357H536Q550 357 561 368T571 393Z\"><\/path><\/svg>\t\t\t<\/div>\n\t\t\t<select name=\"form_fields[field_a98a833]\" id=\"form-field-field_a98a833\" class=\"elementor-field-textual elementor-size-sm\" required=\"required\">\n\t\t\t\t\t\t\t\t\t<option value=\"\u00c9QUIPE DE PRODUCTION\">\u00c9QUIPE DE PRODUCTION<\/option>\n\t\t\t\t\t\t\t\t\t<option value=\"\u00c9QUIPE DE VENTES\">\u00c9QUIPE DE VENTES<\/option>\n\t\t\t\t\t\t\t\t\t<option value=\"\u00c9QUIPE DE LOGISTIQUE \">\u00c9QUIPE DE LOGISTIQUE <\/option>\n\t\t\t\t\t\t\t\t\t<option value=\"AUTRE\">AUTRE<\/option>\n\t\t\t\t\t\t\t\t\t<option value=\"\"><\/option>\n\t\t\t\t\t\t\t<\/select>\n\t\t<\/div>\n\t\t\t\t\t\t<\/div>\n\t\t\t\t\t\t\t\t<div class=\"elementor-field-type-select elementor-field-group elementor-column elementor-field-group-field_e4b66c9 elementor-col-100\">\n\t\t\t\t\t\t\t<div class=\"elementor-field elementor-select-wrapper remove-before \">\n\t\t\t<div class=\"select-caret-down-wrapper\">\n\t\t\t\t<svg aria-hidden=\"true\" class=\"e-font-icon-svg e-eicon-caret-down\" viewBox=\"0 0 571.4 571.4\" xmlns=\"http:\/\/www.w3.org\/2000\/svg\"><path d=\"M571 393Q571 407 561 418L311 668Q300 679 286 679T261 668L11 418Q0 407 0 393T11 368 36 357H536Q550 357 561 368T571 393Z\"><\/path><\/svg>\t\t\t<\/div>\n\t\t\t<select name=\"form_fields[field_e4b66c9]\" id=\"form-field-field_e4b66c9\" class=\"elementor-field-textual elementor-size-sm\">\n\t\t\t\t\t\t\t\t\t<option value=\"SUCCURSALE  SAINT-JEAN\">SUCCURSALE  SAINT-JEAN<\/option>\n\t\t\t\t\t\t\t\t\t<option value=\"SUCCURSALE  MAIZERETS\">SUCCURSALE  MAIZERETS<\/option>\n\t\t\t\t\t\t\t\t\t<option value=\" \"> <\/option>\n\t\t\t\t\t\t\t<\/select>\n\t\t<\/div>\n\t\t\t\t\t\t<\/div>\n\t\t\t\t\t\t\t\t<div class=\"elementor-field-type-upload elementor-field-group elementor-column elementor-field-group-field_330ca7e elementor-col-100 elementor-field-required\">\n\t\t\t\t\t\t\t<input type=\"file\" name=\"form_fields[field_330ca7e][]\" id=\"form-field-field_330ca7e\" class=\"elementor-field elementor-size-sm  elementor-upload-field\" required=\"required\" multiple=\"multiple\" data-maxsize=\"20\" data-maxsize-message=\"This file exceeds the maximum allowed size.\">\n\n\t\t\t\t\t\t<\/div>\n\t\t\t\t\t\t\t\t<div class=\"elementor-field-group elementor-column elementor-field-type-submit elementor-col-100 e-form__buttons\">\n\t\t\t\t\t<button class=\"elementor-button elementor-size-sm\" type=\"submit\">\n\t\t\t\t\t\t<span class=\"elementor-button-content-wrapper\">\n\t\t\t\t\t\t\t\t\t\t\t\t\t\t\t\t\t\t\t\t\t\t<span class=\"elementor-button-text\">ENVOYER<\/span>\n\t\t\t\t\t\t\t\t\t\t\t\t\t<\/span>\n\t\t\t\t\t<\/button>\n\t\t\t\t<\/div>\n\t\t\t<\/div>\n\t\t<\/form>\n\t\t\t\t\t\t<\/div>\n\t\t\t\t<\/div>\n\t\t\t\t\t<\/div>\n\t\t\t\t<\/div>\n\t\t\t\t<\/div>\n\t\t","protected":false},"excerpt":{"rendered":"<p>Rejoins la fourn\u00e9e Epi\u2019Fanny On a du pain sur la planche\u2026 viens nous aider ! Chaque r\u00f4le compte Artisans, vendeurs et gestionnaires, \u00e9crivons ensemble notre histoire ! \u00c9QUIPE DE PRODUCTION Farine, passion, cr\u00e9ation : \u00e7a te parle ? Viens mettre ton talent en action et grandir avec nous. Postule \u00e0 un poste en production. \u00c9QUIPE [&hellip;]<\/p>\n","protected":false},"author":3,"featured_media":0,"parent":0,"menu_order":17,"comment_status":"closed","ping_status":"closed","template":"","meta":{"inline_featured_image":false,"footnotes":""},"class_list":["post-5869","page","type-page","status-publish","hentry"],"yoast_head":"<!-- This site is optimized with the Yoast SEO plugin v27.3 - https:\/\/yoast.com\/product\/yoast-seo-wordpress\/ -->\n<title>Carri\u00e8res - Boulangerie Epi&#039;fanny<\/title>\n<meta name=\"robots\" content=\"index, follow, max-snippet:-1, max-image-preview:large, max-video-preview:-1\" \/>\n<link rel=\"canonical\" href=\"https:\/\/boulangerieepifanny.com\/en\/carrieres\/\" \/>\n<meta property=\"og:locale\" content=\"en_US\" \/>\n<meta property=\"og:type\" content=\"article\" \/>\n<meta property=\"og:title\" content=\"Carri\u00e8res - Boulangerie Epi&#039;fanny\" \/>\n<meta property=\"og:description\" content=\"Rejoins la fourn\u00e9e Epi\u2019Fanny On a du pain sur la planche\u2026 viens nous aider ! Chaque r\u00f4le compte Artisans, vendeurs et gestionnaires, \u00e9crivons ensemble notre histoire ! \u00c9QUIPE DE PRODUCTION Farine, passion, cr\u00e9ation : \u00e7a te parle ? Viens mettre ton talent en action et grandir avec nous. Postule \u00e0 un poste en production. \u00c9QUIPE [&hellip;]\" \/>\n<meta property=\"og:url\" content=\"https:\/\/boulangerieepifanny.com\/en\/carrieres\/\" \/>\n<meta property=\"og:site_name\" content=\"Boulangerie Epi&#039;fanny\" \/>\n<meta property=\"article:modified_time\" content=\"2026-04-23T01:43:21+00:00\" \/>\n<meta property=\"og:image\" content=\"https:\/\/boulangerieepifanny.com\/wp-content\/uploads\/2025\/02\/svgviewer-png-output.png\" \/>\n\t<meta property=\"og:image:width\" content=\"60\" \/>\n\t<meta property=\"og:image:height\" content=\"60\" \/>\n\t<meta property=\"og:image:type\" content=\"image\/png\" \/>\n<meta name=\"twitter:card\" content=\"summary_large_image\" \/>\n<meta name=\"twitter:label1\" content=\"Est. reading time\" \/>\n\t<meta name=\"twitter:data1\" content=\"1 minute\" \/>\n<script type=\"application\/ld+json\" class=\"yoast-schema-graph\">{\"@context\":\"https:\\\/\\\/schema.org\",\"@graph\":[{\"@type\":\"WebPage\",\"@id\":\"https:\\\/\\\/boulangerieepifanny.com\\\/carrieres\\\/\",\"url\":\"https:\\\/\\\/boulangerieepifanny.com\\\/carrieres\\\/\",\"name\":\"Carri\u00e8res - Boulangerie Epi&#039;fanny\",\"isPartOf\":{\"@id\":\"https:\\\/\\\/boulangerieepifanny.com\\\/#website\"},\"primaryImageOfPage\":{\"@id\":\"https:\\\/\\\/boulangerieepifanny.com\\\/carrieres\\\/#primaryimage\"},\"image\":{\"@id\":\"https:\\\/\\\/boulangerieepifanny.com\\\/carrieres\\\/#primaryimage\"},\"thumbnailUrl\":\"https:\\\/\\\/boulangerieepifanny.com\\\/wp-content\\\/uploads\\\/2025\\\/02\\\/svgviewer-png-output.png\",\"datePublished\":\"2026-04-23T01:38:49+00:00\",\"dateModified\":\"2026-04-23T01:43:21+00:00\",\"breadcrumb\":{\"@id\":\"https:\\\/\\\/boulangerieepifanny.com\\\/carrieres\\\/#breadcrumb\"},\"inLanguage\":\"en-CA\",\"potentialAction\":[{\"@type\":\"ReadAction\",\"target\":[\"https:\\\/\\\/boulangerieepifanny.com\\\/carrieres\\\/\"]}]},{\"@type\":\"ImageObject\",\"inLanguage\":\"en-CA\",\"@id\":\"https:\\\/\\\/boulangerieepifanny.com\\\/carrieres\\\/#primaryimage\",\"url\":\"https:\\\/\\\/boulangerieepifanny.com\\\/wp-content\\\/uploads\\\/2025\\\/02\\\/svgviewer-png-output.png\",\"contentUrl\":\"https:\\\/\\\/boulangerieepifanny.com\\\/wp-content\\\/uploads\\\/2025\\\/02\\\/svgviewer-png-output.png\"},{\"@type\":\"BreadcrumbList\",\"@id\":\"https:\\\/\\\/boulangerieepifanny.com\\\/carrieres\\\/#breadcrumb\",\"itemListElement\":[{\"@type\":\"ListItem\",\"position\":1,\"name\":\"Inicio\",\"item\":\"https:\\\/\\\/boulangerieepifanny.com\\\/\"},{\"@type\":\"ListItem\",\"position\":2,\"name\":\"Carri\u00e8res\"}]},{\"@type\":\"WebSite\",\"@id\":\"https:\\\/\\\/boulangerieepifanny.com\\\/#website\",\"url\":\"https:\\\/\\\/boulangerieepifanny.com\\\/\",\"name\":\"Boulangerie Epi&#039;fanny\",\"description\":\"Boulangerie Viennoiseries P\u00e2tisserie  Sandwicherie Caf\u00e9\",\"publisher\":{\"@id\":\"https:\\\/\\\/boulangerieepifanny.com\\\/#organization\"},\"potentialAction\":[{\"@type\":\"SearchAction\",\"target\":{\"@type\":\"EntryPoint\",\"urlTemplate\":\"https:\\\/\\\/boulangerieepifanny.com\\\/?s={search_term_string}\"},\"query-input\":{\"@type\":\"PropertyValueSpecification\",\"valueRequired\":true,\"valueName\":\"search_term_string\"}}],\"inLanguage\":\"en-CA\"},{\"@type\":\"Organization\",\"@id\":\"https:\\\/\\\/boulangerieepifanny.com\\\/#organization\",\"name\":\"Boulangerie Epi&#039;fanny\",\"url\":\"https:\\\/\\\/boulangerieepifanny.com\\\/\",\"logo\":{\"@type\":\"ImageObject\",\"inLanguage\":\"en-CA\",\"@id\":\"https:\\\/\\\/boulangerieepifanny.com\\\/#\\\/schema\\\/logo\\\/image\\\/\",\"url\":\"https:\\\/\\\/boulangerieepifanny.com\\\/wp-content\\\/uploads\\\/2021\\\/08\\\/cropped-boulangerie-epifanny-mail.png\",\"contentUrl\":\"https:\\\/\\\/boulangerieepifanny.com\\\/wp-content\\\/uploads\\\/2021\\\/08\\\/cropped-boulangerie-epifanny-mail.png\",\"width\":512,\"height\":512,\"caption\":\"Boulangerie Epi&#039;fanny\"},\"image\":{\"@id\":\"https:\\\/\\\/boulangerieepifanny.com\\\/#\\\/schema\\\/logo\\\/image\\\/\"}}]}<\/script>\n<!-- \/ Yoast SEO plugin. -->","yoast_head_json":{"title":"Carri\u00e8res - Boulangerie Epi&#039;fanny","robots":{"index":"index","follow":"follow","max-snippet":"max-snippet:-1","max-image-preview":"max-image-preview:large","max-video-preview":"max-video-preview:-1"},"canonical":"https:\/\/boulangerieepifanny.com\/en\/carrieres\/","og_locale":"en_US","og_type":"article","og_title":"Carri\u00e8res - Boulangerie Epi&#039;fanny","og_description":"Rejoins la fourn\u00e9e Epi\u2019Fanny On a du pain sur la planche\u2026 viens nous aider ! Chaque r\u00f4le compte Artisans, vendeurs et gestionnaires, \u00e9crivons ensemble notre histoire ! \u00c9QUIPE DE PRODUCTION Farine, passion, cr\u00e9ation : \u00e7a te parle ? Viens mettre ton talent en action et grandir avec nous. Postule \u00e0 un poste en production. \u00c9QUIPE [&hellip;]","og_url":"https:\/\/boulangerieepifanny.com\/en\/carrieres\/","og_site_name":"Boulangerie Epi&#039;fanny","article_modified_time":"2026-04-23T01:43:21+00:00","og_image":[{"width":60,"height":60,"url":"https:\/\/boulangerieepifanny.com\/wp-content\/uploads\/2025\/02\/svgviewer-png-output.png","type":"image\/png"}],"twitter_card":"summary_large_image","twitter_misc":{"Est. reading time":"1 minute"},"schema":{"@context":"https:\/\/schema.org","@graph":[{"@type":"WebPage","@id":"https:\/\/boulangerieepifanny.com\/carrieres\/","url":"https:\/\/boulangerieepifanny.com\/carrieres\/","name":"Carri\u00e8res - Boulangerie Epi&#039;fanny","isPartOf":{"@id":"https:\/\/boulangerieepifanny.com\/#website"},"primaryImageOfPage":{"@id":"https:\/\/boulangerieepifanny.com\/carrieres\/#primaryimage"},"image":{"@id":"https:\/\/boulangerieepifanny.com\/carrieres\/#primaryimage"},"thumbnailUrl":"https:\/\/boulangerieepifanny.com\/wp-content\/uploads\/2025\/02\/svgviewer-png-output.png","datePublished":"2026-04-23T01:38:49+00:00","dateModified":"2026-04-23T01:43:21+00:00","breadcrumb":{"@id":"https:\/\/boulangerieepifanny.com\/carrieres\/#breadcrumb"},"inLanguage":"en-CA","potentialAction":[{"@type":"ReadAction","target":["https:\/\/boulangerieepifanny.com\/carrieres\/"]}]},{"@type":"ImageObject","inLanguage":"en-CA","@id":"https:\/\/boulangerieepifanny.com\/carrieres\/#primaryimage","url":"https:\/\/boulangerieepifanny.com\/wp-content\/uploads\/2025\/02\/svgviewer-png-output.png","contentUrl":"https:\/\/boulangerieepifanny.com\/wp-content\/uploads\/2025\/02\/svgviewer-png-output.png"},{"@type":"BreadcrumbList","@id":"https:\/\/boulangerieepifanny.com\/carrieres\/#breadcrumb","itemListElement":[{"@type":"ListItem","position":1,"name":"Inicio","item":"https:\/\/boulangerieepifanny.com\/"},{"@type":"ListItem","position":2,"name":"Carri\u00e8res"}]},{"@type":"WebSite","@id":"https:\/\/boulangerieepifanny.com\/#website","url":"https:\/\/boulangerieepifanny.com\/","name":"Epi&#039;fanny Bakery","description":"Bakery, Viennese Pastries, Pastry Shop, Sandwich Shop, Cafe","publisher":{"@id":"https:\/\/boulangerieepifanny.com\/#organization"},"potentialAction":[{"@type":"SearchAction","target":{"@type":"EntryPoint","urlTemplate":"https:\/\/boulangerieepifanny.com\/?s={search_term_string}"},"query-input":{"@type":"PropertyValueSpecification","valueRequired":true,"valueName":"search_term_string"}}],"inLanguage":"en-CA"},{"@type":"Organization","@id":"https:\/\/boulangerieepifanny.com\/#organization","name":"Epi&#039;fanny Bakery","url":"https:\/\/boulangerieepifanny.com\/","logo":{"@type":"ImageObject","inLanguage":"en-CA","@id":"https:\/\/boulangerieepifanny.com\/#\/schema\/logo\/image\/","url":"https:\/\/boulangerieepifanny.com\/wp-content\/uploads\/2021\/08\/cropped-boulangerie-epifanny-mail.png","contentUrl":"https:\/\/boulangerieepifanny.com\/wp-content\/uploads\/2021\/08\/cropped-boulangerie-epifanny-mail.png","width":512,"height":512,"caption":"Boulangerie Epi&#039;fanny"},"image":{"@id":"https:\/\/boulangerieepifanny.com\/#\/schema\/logo\/image\/"}}]}},"_links":{"self":[{"href":"https:\/\/boulangerieepifanny.com\/en\/wp-json\/wp\/v2\/pages\/5869","targetHints":{"allow":["GET"]}}],"collection":[{"href":"https:\/\/boulangerieepifanny.com\/en\/wp-json\/wp\/v2\/pages"}],"about":[{"href":"https:\/\/boulangerieepifanny.com\/en\/wp-json\/wp\/v2\/types\/page"}],"author":[{"embeddable":true,"href":"https:\/\/boulangerieepifanny.com\/en\/wp-json\/wp\/v2\/users\/3"}],"replies":[{"embeddable":true,"href":"https:\/\/boulangerieepifanny.com\/en\/wp-json\/wp\/v2\/comments?post=5869"}],"version-history":[{"count":47,"href":"https:\/\/boulangerieepifanny.com\/en\/wp-json\/wp\/v2\/pages\/5869\/revisions"}],"predecessor-version":[{"id":5925,"href":"https:\/\/boulangerieepifanny.com\/en\/wp-json\/wp\/v2\/pages\/5869\/revisions\/5925"}],"wp:attachment":[{"href":"https:\/\/boulangerieepifanny.com\/en\/wp-json\/wp\/v2\/media?parent=5869"}],"curies":[{"name":"wp","href":"https:\/\/api.w.org\/{rel}","templated":true}]}}