{"id":3359,"date":"2025-02-19T17:17:33","date_gmt":"2025-02-19T22:17:33","guid":{"rendered":"https:\/\/boulangerieepifanny.com\/contact\/"},"modified":"2025-07-20T20:40:29","modified_gmt":"2025-07-21T00:40:29","slug":"contact","status":"publish","type":"page","link":"https:\/\/boulangerieepifanny.com\/en\/contact\/","title":{"rendered":"Contact"},"content":{"rendered":"\t\t<div data-elementor-type=\"wp-page\" data-elementor-id=\"3359\" class=\"elementor elementor-3359\" data-elementor-post-type=\"page\">\n\t\t\t\t<div class=\"elementor-element elementor-element-4b68d89 e-flex e-con-boxed e-con e-parent\" data-id=\"4b68d89\" data-element_type=\"container\" data-e-type=\"container\" data-settings=\"{&quot;background_background&quot;:&quot;classic&quot;}\">\n\t\t\t\t\t<div class=\"e-con-inner\">\n\t\t\t\t<div class=\"elementor-element elementor-element-3769cf43 elementor-widget elementor-widget-heading\" data-id=\"3769cf43\" data-element_type=\"widget\" data-e-type=\"widget\" data-widget_type=\"heading.default\">\n\t\t\t\t\t<h2 class=\"elementor-heading-title elementor-size-default\">Nous sommes l\u00e0 pour vous servir !<\/h2>\t\t\t\t<\/div>\n\t\t\t\t\t<\/div>\n\t\t\t\t<\/div>\n\t\t<div class=\"elementor-element elementor-element-3eb1ec83 e-flex e-con-boxed e-con e-parent\" data-id=\"3eb1ec83\" data-element_type=\"container\" data-e-type=\"container\">\n\t\t\t\t\t<div class=\"e-con-inner\">\n\t\t<div class=\"elementor-element elementor-element-557ec079 e-con-full e-flex e-con e-child\" data-id=\"557ec079\" data-element_type=\"container\" data-e-type=\"container\">\n\t\t\t\t<div class=\"elementor-element elementor-element-57b0c8ad elementor-widget elementor-widget-text-editor\" data-id=\"57b0c8ad\" data-element_type=\"widget\" data-e-type=\"widget\" data-widget_type=\"text-editor.default\">\n\t\t\t\t\t\t\t\t\t<h3 class=\"wp-block-heading\">Communiquez avec nous !<\/h3>\n<p><!-- \/wp:heading --><!-- wp:paragraph --><\/p>\n<p>Si vous avez des questions \u00e0 propos de nos produits ou au sujet d\u2019autres renseignements qui ne figurent pas sur notre site Web, veuillez nous \u00e9crire.<\/p>\n<p><!-- \/wp:paragraph --><!-- wp:paragraph --><\/p>\n<p>Nous vous r\u00e9pondrons dans les 24 heures suivant votre message.<\/p>\n<p><!-- \/wp:paragraph --><!-- wp:paragraph --><\/p>\n<p>Vous pouvez aussi nous \u00e9crire directement sur notre courriel : <a href=\"mailto:info@boulangerieepifanny.com\" target=\"_blank\" rel=\"noreferrer noopener\"><span style=\"color: #000000;\">info@boulangerieepifanny.com<\/span><\/a><\/p>\t\t\t\t\t\t\t\t<\/div>\n\t\t\t\t<\/div>\n\t\t<div class=\"elementor-element elementor-element-60861429 e-con-full e-flex e-con e-child\" data-id=\"60861429\" data-element_type=\"container\" data-e-type=\"container\" id=\"Form_contact\">\n\t\t\t\t<div class=\"elementor-element elementor-element-3f62af3c elementor-button-align-stretch elementor-widget elementor-widget-form\" data-id=\"3f62af3c\" data-element_type=\"widget\" data-e-type=\"widget\" data-settings=\"{&quot;step_next_label&quot;:&quot;Next&quot;,&quot;step_previous_label&quot;:&quot;Previous&quot;,&quot;button_width&quot;:&quot;100&quot;,&quot;step_type&quot;:&quot;number_text&quot;,&quot;step_icon_shape&quot;:&quot;circle&quot;}\" data-widget_type=\"form.default\">\n\t\t\t\t\t\t\t<form class=\"elementor-form\" method=\"post\" name=\"New Form\" aria-label=\"New Form\">\n\t\t\t<input type=\"hidden\" name=\"post_id\" value=\"3359\"\/>\n\t\t\t<input type=\"hidden\" name=\"form_id\" value=\"3f62af3c\"\/>\n\t\t\t<input type=\"hidden\" name=\"referer_title\" value=\"Boulangerie Epi&#039;fanny\" \/>\n\n\t\t\t\n\t\t\t<div class=\"elementor-form-fields-wrapper elementor-labels-above\">\n\t\t\t\t\t\t\t\t<div class=\"elementor-field-type-text elementor-field-group elementor-column elementor-field-group-name elementor-col-100\">\n\t\t\t\t\t\t\t\t\t\t\t\t<label for=\"form-field-name\" class=\"elementor-field-label\">\n\t\t\t\t\t\t\t\tPrenom et Nom\t\t\t\t\t\t\t<\/label>\n\t\t\t\t\t\t\t\t\t\t\t\t\t\t<input size=\"1\" type=\"text\" name=\"form_fields[name]\" id=\"form-field-name\" class=\"elementor-field elementor-size-sm  elementor-field-textual\">\n\t\t\t\t\t\t\t\t\t\t\t<\/div>\n\t\t\t\t\t\t\t\t<div class=\"elementor-field-type-email elementor-field-group elementor-column elementor-field-group-email elementor-col-100 elementor-field-required\">\n\t\t\t\t\t\t\t\t\t\t\t\t<label for=\"form-field-email\" class=\"elementor-field-label\">\n\t\t\t\t\t\t\t\tEmail\t\t\t\t\t\t\t<\/label>\n\t\t\t\t\t\t\t\t\t\t\t\t\t\t<input size=\"1\" type=\"email\" name=\"form_fields[email]\" id=\"form-field-email\" class=\"elementor-field elementor-size-sm  elementor-field-textual\" required=\"required\">\n\t\t\t\t\t\t\t\t\t\t\t<\/div>\n\t\t\t\t\t\t\t\t<div class=\"elementor-field-type-textarea elementor-field-group elementor-column elementor-field-group-message elementor-col-100\">\n\t\t\t\t\t\t\t\t\t\t\t\t<label for=\"form-field-message\" class=\"elementor-field-label\">\n\t\t\t\t\t\t\t\tNum\u00e9ro de t\u00e9l\u00e9phone\t\t\t\t\t\t\t<\/label>\n\t\t\t\t\t\t<textarea class=\"elementor-field-textual elementor-field  elementor-size-sm\" name=\"form_fields[message]\" id=\"form-field-message\" rows=\"1\"><\/textarea>\t\t\t\t<\/div>\n\t\t\t\t\t\t\t\t<div class=\"elementor-field-type-textarea elementor-field-group elementor-column elementor-field-group-field_eb7c2d8 elementor-col-100\">\n\t\t\t\t\t\t\t\t\t\t\t\t<label for=\"form-field-field_eb7c2d8\" class=\"elementor-field-label\">\n\t\t\t\t\t\t\t\tMessage\t\t\t\t\t\t\t<\/label>\n\t\t\t\t\t\t<textarea class=\"elementor-field-textual elementor-field  elementor-size-sm\" name=\"form_fields[field_eb7c2d8]\" id=\"form-field-field_eb7c2d8\" rows=\"4\"><\/textarea>\t\t\t\t<\/div>\n\t\t\t\t\t\t\t\t<div class=\"elementor-field-type-recaptcha_v3 elementor-field-group elementor-column elementor-field-group-field_433ca09 elementor-col-100 recaptcha_v3-bottomright\">\n\t\t\t\t\t<div class=\"elementor-field\" id=\"form-field-field_433ca09\"><div class=\"elementor-g-recaptcha\" data-sitekey=\"6LfP5dkqAAAAAE76nwfdPBcQEdpvuWzSbYsmDV5V\" data-type=\"v3\" data-action=\"Form\" data-badge=\"bottomright\" data-size=\"invisible\"><\/div><\/div>\t\t\t\t<\/div>\n\t\t\t\t\t\t\t\t<div class=\"elementor-field-group elementor-column elementor-field-type-submit elementor-col-100 e-form__buttons\">\n\t\t\t\t\t<button class=\"elementor-button elementor-size-sm\" type=\"submit\">\n\t\t\t\t\t\t<span class=\"elementor-button-content-wrapper\">\n\t\t\t\t\t\t\t\t\t\t\t\t\t\t\t\t\t\t\t\t\t\t<span class=\"elementor-button-text\">Envoyer<\/span>\n\t\t\t\t\t\t\t\t\t\t\t\t\t<\/span>\n\t\t\t\t\t<\/button>\n\t\t\t\t<\/div>\n\t\t\t<\/div>\n\t\t<\/form>\n\t\t\t\t\t\t<\/div>\n\t\t\t\t<\/div>\n\t\t\t\t\t<\/div>\n\t\t\t\t<\/div>\n\t\t<div class=\"elementor-element elementor-element-48229a8a e-flex e-con-boxed e-con e-parent\" data-id=\"48229a8a\" data-element_type=\"container\" data-e-type=\"container\">\n\t\t\t\t\t<div class=\"e-con-inner\">\n\t\t<div class=\"elementor-element elementor-element-7545b8aa e-con-full e-flex e-con e-child\" data-id=\"7545b8aa\" data-element_type=\"container\" data-e-type=\"container\">\n\t\t\t\t<div class=\"elementor-element elementor-element-330b40e1 elementor-widget elementor-widget-image\" data-id=\"330b40e1\" data-element_type=\"widget\" data-e-type=\"widget\" data-widget_type=\"image.default\">\n\t\t\t\t\t\t\t\t\t\t\t\t\t\t\t<img decoding=\"async\" src=\"https:\/\/boulangerieepifanny.com\/wp-content\/uploads\/2025\/02\/hr.svg\" title=\"hr.svg\" alt=\"hr.svg\" loading=\"lazy\" \/>\t\t\t\t\t\t\t\t\t\t\t\t\t\t\t<\/div>\n\t\t\t\t<\/div>\n\t\t\t\t\t<\/div>\n\t\t\t\t<\/div>\n\t\t<div class=\"elementor-element elementor-element-3df1569f e-flex e-con-boxed e-con e-parent\" data-id=\"3df1569f\" data-element_type=\"container\" data-e-type=\"container\">\n\t\t\t\t\t<div class=\"e-con-inner\">\n\t\t\t\t<div class=\"elementor-element elementor-element-62c2dd2e elementor-widget elementor-widget-heading\" data-id=\"62c2dd2e\" data-element_type=\"widget\" data-e-type=\"widget\" data-widget_type=\"heading.default\">\n\t\t\t\t\t<h2 class=\"elementor-heading-title elementor-size-default\">Heures d'ouvertures<\/h2>\t\t\t\t<\/div>\n\t\t\t\t\t<\/div>\n\t\t\t\t<\/div>\n\t\t<div class=\"elementor-element elementor-element-39200b91 e-flex e-con-boxed e-con e-parent\" data-id=\"39200b91\" data-element_type=\"container\" data-e-type=\"container\">\n\t\t\t\t\t<div class=\"e-con-inner\">\n\t\t<div class=\"elementor-element elementor-element-1c302d3a e-con-full e-flex e-con e-child\" data-id=\"1c302d3a\" data-element_type=\"container\" data-e-type=\"container\">\n\t\t\t\t<div class=\"elementor-element elementor-element-505518ea elementor-widget__width-initial elementor-widget elementor-widget-text-editor\" data-id=\"505518ea\" data-element_type=\"widget\" data-e-type=\"widget\" data-widget_type=\"text-editor.default\">\n\t\t\t\t\t\t\t\t\t<p><strong>Succursale 646, rue Saint-Jean<\/strong><br \/>Lundi au vendredi : 7 h \u00e0 18 h<br \/>Samedi : 7 h \u00e0 17 h<br \/>Dimanche : 7 h \u00e0 17 h<br \/><strong>T.<\/strong> 418 621-9191<\/p>\t\t\t\t\t\t\t\t<\/div>\n\t\t\t\t<\/div>\n\t\t<div class=\"elementor-element elementor-element-48d93ffe e-con-full e-flex e-con e-child\" data-id=\"48d93ffe\" data-element_type=\"container\" data-e-type=\"container\">\n\t\t\t\t<div class=\"elementor-element elementor-element-6d238ec4 elementor-widget elementor-widget-google_maps\" data-id=\"6d238ec4\" data-element_type=\"widget\" data-e-type=\"widget\" data-widget_type=\"google_maps.default\">\n\t\t\t\t\t\t\t<div class=\"elementor-custom-embed\">\n\t\t\t<iframe loading=\"lazy\"\n\t\t\t\t\tsrc=\"https:\/\/maps.google.com\/maps?q=Succursale%20646%2C%20rue%20Saint-Jean&#038;t=m&#038;z=15&#038;output=embed&#038;iwloc=near\"\n\t\t\t\t\ttitle=\"Succursale 646, rue Saint-Jean\"\n\t\t\t\t\taria-label=\"Succursale 646, rue Saint-Jean\"\n\t\t\t><\/iframe>\n\t\t<\/div>\n\t\t\t\t\t\t<\/div>\n\t\t\t\t<\/div>\n\t\t\t\t\t<\/div>\n\t\t\t\t<\/div>\n\t\t<div class=\"elementor-element elementor-element-4e165115 e-flex e-con-boxed e-con e-parent\" data-id=\"4e165115\" data-element_type=\"container\" data-e-type=\"container\">\n\t\t\t\t\t<div class=\"e-con-inner\">\n\t\t<div class=\"elementor-element elementor-element-44494617 e-con-full e-flex e-con e-child\" data-id=\"44494617\" data-element_type=\"container\" data-e-type=\"container\">\n\t\t\t\t<div class=\"elementor-element elementor-element-2019ec72 elementor-widget elementor-widget-text-editor\" data-id=\"2019ec72\" data-element_type=\"widget\" data-e-type=\"widget\" data-widget_type=\"text-editor.default\">\n\t\t\t\t\t\t\t\t\t<p><strong>Succursale 1590, rue de Grandville<\/strong><br \/>Lundi au vendredi : 7 h \u00e0 17 h<br \/>Samedi : 7 h \u00e0 16 h<br \/>Dimanche : 7 h \u00e0 16 h<br \/><strong>T.<\/strong> 418 523-3536<\/p>\t\t\t\t\t\t\t\t<\/div>\n\t\t\t\t<\/div>\n\t\t<div class=\"elementor-element elementor-element-6a4e3f67 e-con-full e-flex e-con e-child\" data-id=\"6a4e3f67\" data-element_type=\"container\" data-e-type=\"container\">\n\t\t\t\t<div class=\"elementor-element elementor-element-5607658 elementor-widget elementor-widget-google_maps\" data-id=\"5607658\" data-element_type=\"widget\" data-e-type=\"widget\" data-widget_type=\"google_maps.default\">\n\t\t\t\t\t\t\t<div class=\"elementor-custom-embed\">\n\t\t\t<iframe loading=\"lazy\"\n\t\t\t\t\tsrc=\"https:\/\/maps.google.com\/maps?q=Succursale%201095%2C%20rue%20de%20Grandville&#038;t=m&#038;z=15&#038;output=embed&#038;iwloc=near\"\n\t\t\t\t\ttitle=\"Succursale 1095, rue de Grandville\"\n\t\t\t\t\taria-label=\"Succursale 1095, rue de Grandville\"\n\t\t\t><\/iframe>\n\t\t<\/div>\n\t\t\t\t\t\t<\/div>\n\t\t\t\t<\/div>\n\t\t\t\t\t<\/div>\n\t\t\t\t<\/div>\n\t\t\t\t<\/div>\n\t\t","protected":false},"excerpt":{"rendered":"<p>Nous sommes l\u00e0 pour vous servir ! Communiquez avec nous ! Si vous avez des questions \u00e0 propos de nos produits ou au sujet d\u2019autres renseignements qui ne figurent pas sur notre site Web, veuillez nous \u00e9crire. Nous vous r\u00e9pondrons dans les 24 heures suivant votre message. Vous pouvez aussi nous \u00e9crire directement sur notre [&hellip;]<\/p>\n","protected":false},"author":3,"featured_media":0,"parent":0,"menu_order":10,"comment_status":"closed","ping_status":"closed","template":"","meta":{"inline_featured_image":false,"footnotes":""},"class_list":["post-3359","page","type-page","status-publish","hentry"],"yoast_head":"<!-- This site is optimized with the Yoast SEO plugin v27.3 - https:\/\/yoast.com\/product\/yoast-seo-wordpress\/ -->\n<title>Contact - Boulangerie Epi&#039;fanny<\/title>\n<meta name=\"robots\" content=\"index, follow, max-snippet:-1, max-image-preview:large, max-video-preview:-1\" \/>\n<link rel=\"canonical\" href=\"https:\/\/boulangerieepifanny.com\/en\/contact\/\" \/>\n<meta property=\"og:locale\" content=\"en_US\" \/>\n<meta property=\"og:type\" content=\"article\" \/>\n<meta property=\"og:title\" content=\"Contact - Boulangerie Epi&#039;fanny\" \/>\n<meta property=\"og:description\" content=\"Nous sommes l\u00e0 pour vous servir ! Communiquez avec nous ! Si vous avez des questions \u00e0 propos de nos produits ou au sujet d\u2019autres renseignements qui ne figurent pas sur notre site Web, veuillez nous \u00e9crire. Nous vous r\u00e9pondrons dans les 24 heures suivant votre message. Vous pouvez aussi nous \u00e9crire directement sur notre [&hellip;]\" \/>\n<meta property=\"og:url\" content=\"https:\/\/boulangerieepifanny.com\/en\/contact\/\" \/>\n<meta property=\"og:site_name\" content=\"Boulangerie Epi&#039;fanny\" \/>\n<meta property=\"article:modified_time\" content=\"2025-07-21T00:40:29+00:00\" \/>\n<meta property=\"og:image\" content=\"https:\/\/boulangerieepifanny.com\/wp-content\/uploads\/2025\/02\/hr.svg\" \/>\n<meta name=\"twitter:card\" content=\"summary_large_image\" \/>\n<meta name=\"twitter:label1\" content=\"Est. reading time\" \/>\n\t<meta name=\"twitter:data1\" content=\"1 minute\" \/>\n<script type=\"application\/ld+json\" class=\"yoast-schema-graph\">{\"@context\":\"https:\\\/\\\/schema.org\",\"@graph\":[{\"@type\":\"WebPage\",\"@id\":\"https:\\\/\\\/boulangerieepifanny.com\\\/contact\\\/\",\"url\":\"https:\\\/\\\/boulangerieepifanny.com\\\/contact\\\/\",\"name\":\"Contact - Boulangerie Epi&#039;fanny\",\"isPartOf\":{\"@id\":\"https:\\\/\\\/boulangerieepifanny.com\\\/#website\"},\"primaryImageOfPage\":{\"@id\":\"https:\\\/\\\/boulangerieepifanny.com\\\/contact\\\/#primaryimage\"},\"image\":{\"@id\":\"https:\\\/\\\/boulangerieepifanny.com\\\/contact\\\/#primaryimage\"},\"thumbnailUrl\":\"https:\\\/\\\/boulangerieepifanny.com\\\/wp-content\\\/uploads\\\/2025\\\/02\\\/hr.svg\",\"datePublished\":\"2025-02-19T22:17:33+00:00\",\"dateModified\":\"2025-07-21T00:40:29+00:00\",\"breadcrumb\":{\"@id\":\"https:\\\/\\\/boulangerieepifanny.com\\\/contact\\\/#breadcrumb\"},\"inLanguage\":\"en-CA\",\"potentialAction\":[{\"@type\":\"ReadAction\",\"target\":[\"https:\\\/\\\/boulangerieepifanny.com\\\/contact\\\/\"]}]},{\"@type\":\"ImageObject\",\"inLanguage\":\"en-CA\",\"@id\":\"https:\\\/\\\/boulangerieepifanny.com\\\/contact\\\/#primaryimage\",\"url\":\"https:\\\/\\\/boulangerieepifanny.com\\\/wp-content\\\/uploads\\\/2025\\\/02\\\/hr.svg\",\"contentUrl\":\"https:\\\/\\\/boulangerieepifanny.com\\\/wp-content\\\/uploads\\\/2025\\\/02\\\/hr.svg\"},{\"@type\":\"BreadcrumbList\",\"@id\":\"https:\\\/\\\/boulangerieepifanny.com\\\/contact\\\/#breadcrumb\",\"itemListElement\":[{\"@type\":\"ListItem\",\"position\":1,\"name\":\"Inicio\",\"item\":\"https:\\\/\\\/boulangerieepifanny.com\\\/\"},{\"@type\":\"ListItem\",\"position\":2,\"name\":\"Contact\"}]},{\"@type\":\"WebSite\",\"@id\":\"https:\\\/\\\/boulangerieepifanny.com\\\/#website\",\"url\":\"https:\\\/\\\/boulangerieepifanny.com\\\/\",\"name\":\"Boulangerie Epi&#039;fanny\",\"description\":\"Boulangerie Viennoiseries P\u00e2tisserie  Sandwicherie Caf\u00e9\",\"publisher\":{\"@id\":\"https:\\\/\\\/boulangerieepifanny.com\\\/#organization\"},\"potentialAction\":[{\"@type\":\"SearchAction\",\"target\":{\"@type\":\"EntryPoint\",\"urlTemplate\":\"https:\\\/\\\/boulangerieepifanny.com\\\/?s={search_term_string}\"},\"query-input\":{\"@type\":\"PropertyValueSpecification\",\"valueRequired\":true,\"valueName\":\"search_term_string\"}}],\"inLanguage\":\"en-CA\"},{\"@type\":\"Organization\",\"@id\":\"https:\\\/\\\/boulangerieepifanny.com\\\/#organization\",\"name\":\"Boulangerie Epi&#039;fanny\",\"url\":\"https:\\\/\\\/boulangerieepifanny.com\\\/\",\"logo\":{\"@type\":\"ImageObject\",\"inLanguage\":\"en-CA\",\"@id\":\"https:\\\/\\\/boulangerieepifanny.com\\\/#\\\/schema\\\/logo\\\/image\\\/\",\"url\":\"https:\\\/\\\/boulangerieepifanny.com\\\/wp-content\\\/uploads\\\/2021\\\/08\\\/cropped-boulangerie-epifanny-mail.png\",\"contentUrl\":\"https:\\\/\\\/boulangerieepifanny.com\\\/wp-content\\\/uploads\\\/2021\\\/08\\\/cropped-boulangerie-epifanny-mail.png\",\"width\":512,\"height\":512,\"caption\":\"Boulangerie Epi&#039;fanny\"},\"image\":{\"@id\":\"https:\\\/\\\/boulangerieepifanny.com\\\/#\\\/schema\\\/logo\\\/image\\\/\"}}]}<\/script>\n<!-- \/ Yoast SEO plugin. -->","yoast_head_json":{"title":"Contact - Boulangerie Epi&#039;fanny","robots":{"index":"index","follow":"follow","max-snippet":"max-snippet:-1","max-image-preview":"max-image-preview:large","max-video-preview":"max-video-preview:-1"},"canonical":"https:\/\/boulangerieepifanny.com\/en\/contact\/","og_locale":"en_US","og_type":"article","og_title":"Contact - Boulangerie Epi&#039;fanny","og_description":"Nous sommes l\u00e0 pour vous servir ! Communiquez avec nous ! Si vous avez des questions \u00e0 propos de nos produits ou au sujet d\u2019autres renseignements qui ne figurent pas sur notre site Web, veuillez nous \u00e9crire. Nous vous r\u00e9pondrons dans les 24 heures suivant votre message. Vous pouvez aussi nous \u00e9crire directement sur notre [&hellip;]","og_url":"https:\/\/boulangerieepifanny.com\/en\/contact\/","og_site_name":"Boulangerie Epi&#039;fanny","article_modified_time":"2025-07-21T00:40:29+00:00","og_image":[{"url":"https:\/\/boulangerieepifanny.com\/wp-content\/uploads\/2025\/02\/hr.svg","type":"","width":"","height":""}],"twitter_card":"summary_large_image","twitter_misc":{"Est. reading time":"1 minute"},"schema":{"@context":"https:\/\/schema.org","@graph":[{"@type":"WebPage","@id":"https:\/\/boulangerieepifanny.com\/contact\/","url":"https:\/\/boulangerieepifanny.com\/contact\/","name":"Contact - Boulangerie Epi&#039;fanny","isPartOf":{"@id":"https:\/\/boulangerieepifanny.com\/#website"},"primaryImageOfPage":{"@id":"https:\/\/boulangerieepifanny.com\/contact\/#primaryimage"},"image":{"@id":"https:\/\/boulangerieepifanny.com\/contact\/#primaryimage"},"thumbnailUrl":"https:\/\/boulangerieepifanny.com\/wp-content\/uploads\/2025\/02\/hr.svg","datePublished":"2025-02-19T22:17:33+00:00","dateModified":"2025-07-21T00:40:29+00:00","breadcrumb":{"@id":"https:\/\/boulangerieepifanny.com\/contact\/#breadcrumb"},"inLanguage":"en-CA","potentialAction":[{"@type":"ReadAction","target":["https:\/\/boulangerieepifanny.com\/contact\/"]}]},{"@type":"ImageObject","inLanguage":"en-CA","@id":"https:\/\/boulangerieepifanny.com\/contact\/#primaryimage","url":"https:\/\/boulangerieepifanny.com\/wp-content\/uploads\/2025\/02\/hr.svg","contentUrl":"https:\/\/boulangerieepifanny.com\/wp-content\/uploads\/2025\/02\/hr.svg"},{"@type":"BreadcrumbList","@id":"https:\/\/boulangerieepifanny.com\/contact\/#breadcrumb","itemListElement":[{"@type":"ListItem","position":1,"name":"Inicio","item":"https:\/\/boulangerieepifanny.com\/"},{"@type":"ListItem","position":2,"name":"Contact"}]},{"@type":"WebSite","@id":"https:\/\/boulangerieepifanny.com\/#website","url":"https:\/\/boulangerieepifanny.com\/","name":"Epi&#039;fanny Bakery","description":"Bakery, Viennese Pastries, Pastry Shop, Sandwich Shop, Cafe","publisher":{"@id":"https:\/\/boulangerieepifanny.com\/#organization"},"potentialAction":[{"@type":"SearchAction","target":{"@type":"EntryPoint","urlTemplate":"https:\/\/boulangerieepifanny.com\/?s={search_term_string}"},"query-input":{"@type":"PropertyValueSpecification","valueRequired":true,"valueName":"search_term_string"}}],"inLanguage":"en-CA"},{"@type":"Organization","@id":"https:\/\/boulangerieepifanny.com\/#organization","name":"Epi&#039;fanny Bakery","url":"https:\/\/boulangerieepifanny.com\/","logo":{"@type":"ImageObject","inLanguage":"en-CA","@id":"https:\/\/boulangerieepifanny.com\/#\/schema\/logo\/image\/","url":"https:\/\/boulangerieepifanny.com\/wp-content\/uploads\/2021\/08\/cropped-boulangerie-epifanny-mail.png","contentUrl":"https:\/\/boulangerieepifanny.com\/wp-content\/uploads\/2021\/08\/cropped-boulangerie-epifanny-mail.png","width":512,"height":512,"caption":"Boulangerie Epi&#039;fanny"},"image":{"@id":"https:\/\/boulangerieepifanny.com\/#\/schema\/logo\/image\/"}}]}},"_links":{"self":[{"href":"https:\/\/boulangerieepifanny.com\/en\/wp-json\/wp\/v2\/pages\/3359","targetHints":{"allow":["GET"]}}],"collection":[{"href":"https:\/\/boulangerieepifanny.com\/en\/wp-json\/wp\/v2\/pages"}],"about":[{"href":"https:\/\/boulangerieepifanny.com\/en\/wp-json\/wp\/v2\/types\/page"}],"author":[{"embeddable":true,"href":"https:\/\/boulangerieepifanny.com\/en\/wp-json\/wp\/v2\/users\/3"}],"replies":[{"embeddable":true,"href":"https:\/\/boulangerieepifanny.com\/en\/wp-json\/wp\/v2\/comments?post=3359"}],"version-history":[{"count":32,"href":"https:\/\/boulangerieepifanny.com\/en\/wp-json\/wp\/v2\/pages\/3359\/revisions"}],"predecessor-version":[{"id":5920,"href":"https:\/\/boulangerieepifanny.com\/en\/wp-json\/wp\/v2\/pages\/3359\/revisions\/5920"}],"wp:attachment":[{"href":"https:\/\/boulangerieepifanny.com\/en\/wp-json\/wp\/v2\/media?parent=3359"}],"curies":[{"name":"wp","href":"https:\/\/api.w.org\/{rel}","templated":true}]}}